{"id":4468,"date":"2024-09-18T12:40:22","date_gmt":"2024-09-18T09:40:22","guid":{"rendered":"https:\/\/saburhukuk.com.tr\/?page_id=4468"},"modified":"2024-09-18T13:16:54","modified_gmt":"2024-09-18T10:16:54","slug":"avukat-emre-sabur","status":"publish","type":"page","link":"https:\/\/saburhukuk.com.tr\/en\/avukat-emre-sabur\/","title":{"rendered":"Avukat Emre SABUR"},"content":{"rendered":"<div class=\"bt_bb_wrapper\"><section id=\"bt_bb_section69d7dd710eb7f\" data-parallax=\"0.7\" data-parallax-offset=\"0\" data-background_image_src=\"'https:\/\/saburhukuk.com.tr\/wp-content\/uploads\/2019\/12\/hero_history-1.jpg'\" class=\"bt_bb_section bt_bb_top_spacing_large bt_bb_bottom_spacing_large bt_bb_layout_wide bt_bb_vertical_align_top btLazyLoadBackground bt_bb_background_image bt_bb_parallax bt_bb_background_overlay_dark_solid\" style=\"background-image:url(&#039;https:\/\/saburhukuk.com.tr\/wp-content\/plugins\/bold-page-builder\/img\/blank.gif&#039;);\"><div class=\"bt_bb_port\"><div class=\"bt_bb_cell\"><div class=\"bt_bb_cell_inner\"><div class=\"bt_bb_row_wrapper\"><div  class=\"bt_bb_row\" ><div  class=\"bt_bb_column col-xl-12 bt_bb_align_center bt_bb_padding_normal bt_bb_animation_fade_in animate\"  data-width=\"12\" data-bt-override-class=\"{}\"><div class=\"bt_bb_column_content bt_bb_vertical_align_top bt_bb_color_scheme_\"><div class=\"bt_bb_column_content_inner\"><div class=\"bt_bb_separator bt_bb_bottom_spacing_large bt_bb_border_style_none\"><\/div><header class=\"bt_bb_headline bt_bb_color_scheme_6 bt_bb_dash_top bt_bb_size_extralarge bt_bb_align_inherit\" data-bt-override-class=\"{&quot;bt_bb_size_&quot;:{&quot;current_class&quot;:&quot;bt_bb_size_extralarge&quot;,&quot;xl&quot;:&quot;extralarge&quot;},&quot;bt_bb_align_&quot;:{&quot;current_class&quot;:&quot;bt_bb_align_inherit&quot;,&quot;xl&quot;:&quot;inherit&quot;}}\"><h3 class=\"bt_bb_headline_tag\"><span class=\"bt_bb_headline_content\"><span>Sabur Hukuk<strong> Avukat Emre SABUR <\/strong><\/span><\/span><\/h3><\/header><div class=\"bt_bb_separator bt_bb_bottom_spacing_normal bt_bb_border_style_none bt_bb_hidden_xs bt_bb_hidden_ms bt_bb_hidden_sm\"><\/div><div class=\"bt_bb_separator bt_bb_bottom_spacing_large bt_bb_border_style_none\"><\/div><\/div><\/div><\/div><\/div><\/div><\/div><\/div><\/div><\/section><section id=\"bt_bb_section69d7dd710efd9\"  class=\"bt_bb_section bt_bb_layout_wide bt_bb_vertical_align_top bt_bb_negative_margin_large\" ><div class=\"bt_bb_port\"><div class=\"bt_bb_cell\"><div class=\"bt_bb_cell_inner\"><div class=\"bt_bb_row_wrapper\"><div  class=\"bt_bb_row bt_bb_layout_special btOverlapRight\" ><div  class=\"bt_bb_column col-xl-6 col-xs-12 col-sm-6 col-md-6 col-lg-6 btWithIcon bt_bb_align_left bt_bb_icon_color_scheme_6 bt_bb_padding_normal bt_bb_animation_fade_in animate\" style=\"; --column-icon-primary-color:#ffffff; --column-icon-secondary-color:#B07C4B;\" data-width=\"6\" data-bt-override-class=\"{}\"><div class=\"bt_bb_column_content bt_bb_vertical_align_top bt_bb_color_scheme_\"><div class=\"bt_bb_column_icon\"><span  data-ico-icon7stroke=\"&#xe68f;\" class=\"bt_bb_icon_holder\"><\/span><\/div><div class=\"bt_bb_column_content_inner\"><div class=\"bt_bb_separator bt_bb_bottom_spacing_normal bt_bb_border_style_none\"><\/div><div class=\"bt_bb_separator bt_bb_bottom_spacing_normal bt_bb_border_style_none\"><\/div><div class=\"bt_bb_image bt_bb_shape_square bt_bb_align_inherit bt_bb_hover_style_simple bt_bb_content_display_always bt_bb_content_align_middle\" data-bt-override-class=\"{&quot;bt_bb_align_&quot;:{&quot;current_class&quot;:&quot;bt_bb_align_inherit&quot;,&quot;xl&quot;:&quot;inherit&quot;}}\"><span><img width=\"300\" height=\"375\" src=\"https:\/\/saburhukuk.com.tr\/wp-content\/uploads\/2024\/09\/avukat-emre-sabur.jpg\" class=\"attachment-full size-full\" alt=\"https:\/\/saburhukuk.com.tr\/wp-content\/uploads\/2024\/09\/avukat-emre-sabur.jpg\" loading=\"lazy\" data-full_image_src=\"https:\/\/saburhukuk.com.tr\/wp-content\/uploads\/2024\/09\/avukat-emre-sabur.jpg\" title=\"avukat-emre-sabur\" srcset=\"https:\/\/saburhukuk.com.tr\/wp-content\/uploads\/2024\/09\/avukat-emre-sabur.jpg 300w, https:\/\/saburhukuk.com.tr\/wp-content\/uploads\/2024\/09\/avukat-emre-sabur-10x12.jpg 10w\" sizes=\"(max-width: 300px) 100vw, 300px\" \/><\/span><\/div><div class=\"bt_bb_separator bt_bb_bottom_spacing_normal bt_bb_border_style_none\"><\/div><div class=\"bt_bb_separator bt_bb_bottom_spacing_normal bt_bb_border_style_none\"><\/div><header class=\"bt_bb_headline bt_bb_color_scheme_14 bt_bb_dash_none bt_bb_size_medium bt_bb_superheadline bt_bb_align_inherit btNoHeadline\" data-bt-override-class=\"{&quot;bt_bb_size_&quot;:{&quot;current_class&quot;:&quot;bt_bb_size_medium&quot;,&quot;xl&quot;:&quot;medium&quot;},&quot;bt_bb_align_&quot;:{&quot;current_class&quot;:&quot;bt_bb_align_inherit&quot;,&quot;xl&quot;:&quot;inherit&quot;}}\"><h4 class=\"bt_bb_headline_tag\"><span class=\"bt_bb_headline_superheadline\">SERT\u0130F\u0130KALAR ve ALINAN E\u011e\u0130T\u0130MLER<\/span><\/h4><\/header><div class=\"bt_bb_separator bt_bb_bottom_spacing_normal bt_bb_border_style_none\"><\/div><div  class=\"bt_bb_text\" ><div class=\"s3\">\n<p class=\"s3\"><strong><span class=\"s2\">B\u0130L\u0130\u015e\u0130M HUKUKU ALANINDA<\/span><\/strong><\/p>\n<div class=\"s6\"><span class=\"s5\">\u2022 <\/span><span class=\"s2\">Bili\u015fim Hukuku Temel Kavramlar\u0131 ve Uygulama Alanlar\u0131<\/span><\/div>\n<div class=\"s6\"><span class=\"s5\">\u2022 <\/span><span class=\"s2\">Ki\u015fisel Verilerin Korunmas\u0131 ve Bili\u015fim Su\u00e7lar\u0131<\/span><\/div>\n<div class=\"s6\"><span class=\"s5\">\u2022 <\/span><span class=\"s2\">Blockchain \u2013 Ak\u0131ll\u0131 S\u00f6zle\u015fmeler \u2013 Kripto Paralar<\/span><\/div>\n<div class=\"s6\"><span class=\"s5\">\u2022 <\/span><span class=\"s2\">Bulut Bili\u015fim ve Nesnelerin \u0130nterneti<\/span><\/div>\n<div class=\"s6\"><span class=\"s5\">\u2022 <\/span><span class=\"s2\">Yapay Zeka ve Robot Hukuku<\/span><\/div>\n<div class=\"s6\"><span class=\"s5\">\u2022 <\/span><span class=\"s2\">Legal <\/span><span class=\"s2\">Tech<\/span><span class=\"s2\"> \u2013 Legal Design<\/span><\/div>\n<div class=\"s6\"><span class=\"s5\">\u2022 <\/span><span class=\"s2\">Big<\/span><span class=\"s2\"> Data ve Ki\u015fisel Verilerin Korunmas\u0131<\/span><\/div>\n<div class=\"s6\"><span class=\"s5\">\u2022 <\/span><span class=\"s2\">Yapay Zekan\u0131n Ortaya Koydu\u011fu Bulu\u015flar\u0131n Patentlenebilirli\u011fi<\/span><\/div>\n<div class=\"s6\"><span class=\"s5\">\u2022 <\/span><span class=\"s2\">Dijital \u015eiddet ve Bili\u015fim Hukukuna \u00d6zg\u00fc M\u00fccadele Yollar\u0131<\/span><\/div>\n<div class=\"s6\"><span class=\"s5\">\u2022 <\/span><span class=\"s2\">Hak ve \u00d6zg\u00fcrl\u00fckler Ba\u011flam\u0131nda Bili\u015fim Hukuku<\/span><\/div>\n<div class=\"s6\"><span class=\"s5\">\u2022 <\/span><span class=\"s2\">Siber G\u00fcvenlik Hukuku<\/span><\/div>\n<div class=\"s6\"><span class=\"s5\">\u2022 <\/span><span class=\"s2\">D\u00fcnya&#8217;da ve T\u00fcrkiye&#8217;de Kripto Para D\u00fczenlemeleri ve Sermaye Piyasalar\u0131 \u00dczerine Yat\u0131r\u0131mlar<\/span><\/div>\n<div class=\"s6\"><span class=\"s5\">\u2022 <\/span><span class=\"s2\">Metaverse<\/span><span class=\"s2\"> ve Hukuki Boyutu<\/span><\/div>\n<div class=\"s6\"><span class=\"s5\">\u2022 <\/span><span class=\"s2\">NFT (<\/span><span class=\"s2\">Non<\/span> <span class=\"s2\">Fungible<\/span> <span class=\"s2\">Token<\/span><span class=\"s2\">) ve Fikri M\u00fclkiyet <\/span><\/div>\n<div class=\"s6\"><span class=\"s5\">\u2022 <\/span><span class=\"s2\">Sosyal Medya ve Hukuk<\/span><\/div>\n<div class=\"s6\"><span class=\"s5\">\u2022 <\/span><span class=\"s2\">Yapay Zeka Teknolojilerin Ekonomiye Etkisi<\/span><\/div>\n<div class=\"s6\"><span class=\"s5\">\u2022 <\/span><span class=\"s2\">Yapay Zeka ve Veri Manip\u00fclasyonu<\/span><\/div>\n<div class=\"s6\"><span class=\"s5\">\u2022 <\/span><span class=\"s2\">Yapay Zekan\u0131n Uzay ve Uzay Hukukuna Etkileri<\/span><\/div>\n<\/div>\n<\/div><div class=\"bt_bb_separator bt_bb_bottom_spacing_normal bt_bb_border_style_none\"><\/div><div  class=\"bt_bb_text\" ><div class=\"s3\">\n<p class=\"s6\"><strong><span class=\"s2\">D\u0130\u011eER HUKUK ALANLARINDA<\/span><\/strong><\/p>\n<\/div>\n<div class=\"s3\">\n<div>\n<div class=\"s6\"><span class=\"s5\">\u2022 <\/span><span class=\"s2\">Bo\u015fanma Davalar\u0131 ve Nafaka Uyu\u015fmazl\u0131klar\u0131<\/span><\/div>\n<div class=\"s6\"><span class=\"s5\">\u2022 <\/span><span class=\"s2\">Cinsel Dokunulmazl\u0131\u011fa Kar\u015f\u0131 Su\u00e7lar<\/span><\/div>\n<div class=\"s6\"><span class=\"s5\">\u2022 <\/span><span class=\"s2\">\u00c7ocuk \u0130stismar\u0131n\u0131n Hukuk Toplumundaki Yeri ve \u00d6nemi<\/span><\/div>\n<div class=\"s6\"><span class=\"s5\">\u2022 <\/span><span class=\"s2\">Dava Fonlama<\/span><\/div>\n<div class=\"s6\"><span class=\"s5\">\u2022 <\/span><span class=\"s2\">Deniz Sigortalar\u0131n\u0131n Uluslararas\u0131 Hukuk A\u00e7\u0131s\u0131ndan De\u011ferlendirilmesi<\/span><\/div>\n<div class=\"s6\"><span class=\"s5\">\u2022 <\/span><span class=\"s2\">Hakaret ve Tehdit Davalar\u0131<\/span><\/div>\n<div class=\"s6\"><span class=\"s5\">\u2022 <\/span><span class=\"s2\">Hukuk, Yarg\u0131, Siyaset \u0130li\u015fkisi Uluslararas\u0131 D\u00fczen ve Hukukun \u00dcst\u00fcnl\u00fc\u011f\u00fc<\/span><\/div>\n<div class=\"s6\"><span class=\"s5\">\u2022 <\/span><span class=\"s2\">Hukukta ve Mirasta Kad\u0131n Erkek E\u015fitli\u011fi<\/span><\/div>\n<div class=\"s6\"><span class=\"s5\">\u2022 <\/span><span class=\"s2\">\u0130darenin Memurlar ile Alakal\u0131 olan Disiplin Cezalar\u0131n\u0131n \u0130ptali Davalar\u0131<\/span><\/div>\n<div class=\"s6\"><span class=\"s5\">\u2022 <\/span><span class=\"s2\">Sa\u011fl\u0131k Hukukunda Alternatif \u00c7\u00f6z\u00fcm Yollar\u0131<\/span><\/div>\n<div class=\"s6\"><span class=\"s5\">\u2022 <\/span><span class=\"s2\">T\u0131p Hukuk Plastik ve Estetik Cerrahide Sonu\u00e7 Garanti Etme Y\u00fck\u00fcml\u00fcl\u00fc\u011f\u00fc<\/span><\/div>\n<div class=\"s6\"><span class=\"s5\">\u2022 <\/span><span class=\"s2\">Trafik Sigortalar\u0131nda Anayasa Mahkemesi \u0130ptal Karar\u0131n\u0131n Etkileri ve Sonu\u00e7lar\u0131<\/span><\/div>\n<div class=\"s6\"><span class=\"s5\">\u2022 <\/span><span class=\"s2\">T\u00fcrk Hukukunda Kad\u0131na Kar\u015f\u0131 \u015eiddetin \u00d6nlenmesi<\/span><\/div>\n<div class=\"s6\"><span class=\"s5\">\u2022 <\/span><span class=\"s2\">T\u00fcrkiye\u2019de Sa\u011fl\u0131k Turizmi ve Hukuka Etkileri<\/span><\/div>\n<div class=\"s6\"><span class=\"s5\">\u2022 <\/span><span class=\"s2\">T\u00fcrkiye\u2019de Tahkim Hukuku ve Uygulamalar\u0131<\/span><\/div>\n<\/div>\n<p class=\"s3\">\n<\/div>\n<\/div><\/div><\/div><\/div><div  class=\"bt_bb_column col-xl-6 col-xs-12 col-sm-6 col-md-6 col-lg-6 btWithIcon bt_bb_align_left bt_bb_icon_color_scheme_6 bt_bb_padding_normal bt_bb_animation_fade_in animate\" style=\"; --column-icon-primary-color:#ffffff; --column-icon-secondary-color:#B07C4B;\" data-width=\"6\" data-bt-override-class=\"{}\"><div class=\"bt_bb_column_content bt_bb_vertical_align_top bt_bb_color_scheme_\"><div class=\"bt_bb_column_icon\"><span  data-ico-icon7stroke=\"&#xe68f;\" class=\"bt_bb_icon_holder\"><\/span><\/div><div class=\"bt_bb_column_content_inner\"><header class=\"bt_bb_headline bt_bb_color_scheme_14 bt_bb_dash_none bt_bb_size_normal bt_bb_align_inherit\" data-bt-override-class=\"{&quot;bt_bb_size_&quot;:{&quot;current_class&quot;:&quot;bt_bb_size_normal&quot;,&quot;xl&quot;:&quot;normal&quot;},&quot;bt_bb_align_&quot;:{&quot;current_class&quot;:&quot;bt_bb_align_inherit&quot;,&quot;xl&quot;:&quot;inherit&quot;}}\"><h3 class=\"bt_bb_headline_tag\"><span class=\"bt_bb_headline_content\"><span>Avukat Emre SABUR<\/span><\/span><\/h3><\/header><div class=\"bt_bb_separator bt_bb_bottom_spacing_small bt_bb_border_style_none\"><\/div><header class=\"bt_bb_headline bt_bb_color_scheme_5 bt_bb_dash_none bt_bb_size_normal bt_bb_superheadline bt_bb_align_inherit btNoHeadline\" data-bt-override-class=\"{&quot;bt_bb_align_&quot;:{&quot;current_class&quot;:&quot;bt_bb_align_inherit&quot;,&quot;xl&quot;:&quot;inherit&quot;}}\"><h4 class=\"bt_bb_headline_tag\"><span class=\"bt_bb_headline_superheadline\">ANTALYA BAR<\/span><\/h4><\/header><div class=\"bt_bb_separator bt_bb_bottom_spacing_medium bt_bb_border_style_none\"><\/div><div  class=\"bt_bb_row_inner\" ><div  class=\"bt_bb_column_inner col-xl-6 bt_bb_align_left bt_bb_vertical_align_top bt_bb_padding_normal\"  data-width=\"6\" data-bt-override-class=\"{}\"><div class=\"bt_bb_column_inner_content\"><div class=\"bt_bb_icon bt_bb_style_outline bt_bb_size_small bt_bb_shape_circle bt_bb_align_inherit\" data-bt-override-class=\"{&quot;bt_bb_size_&quot;:{&quot;current_class&quot;:&quot;bt_bb_size_small&quot;,&quot;xl&quot;:&quot;small&quot;},&quot;bt_bb_align_&quot;:{&quot;current_class&quot;:&quot;bt_bb_align_inherit&quot;,&quot;xl&quot;:&quot;inherit&quot;}}\"><a href=\"mailto:av.emresabur@gmail.com\"  target=\"_self\"  title=\"av.emresabur@gmail.com\"  data-ico-dripicons=\"&#xe973;\" class=\"bt_bb_icon_holder\"><span>av.emresabur@gmail.com<\/span><\/a><\/div><div class=\"bt_bb_separator bt_bb_bottom_spacing_normal bt_bb_border_style_none bt_bb_hidden_md bt_bb_hidden_lg\"><\/div><\/div><\/div><div  class=\"bt_bb_column_inner col-xl-6 bt_bb_align_left bt_bb_vertical_align_top bt_bb_padding_normal\"  data-width=\"6\" data-bt-override-class=\"{}\"><div class=\"bt_bb_column_inner_content\"><div class=\"bt_bb_icon bt_bb_style_outline bt_bb_size_small bt_bb_shape_circle bt_bb_align_inherit\" data-bt-override-class=\"{&quot;bt_bb_size_&quot;:{&quot;current_class&quot;:&quot;bt_bb_size_small&quot;,&quot;xl&quot;:&quot;small&quot;},&quot;bt_bb_align_&quot;:{&quot;current_class&quot;:&quot;bt_bb_align_inherit&quot;,&quot;xl&quot;:&quot;inherit&quot;}}\"><a href=\"tel:+90 538 828 36 05\"  target=\"_self\"  title=\"+90 538 828 36 05\"  data-ico-dripicons=\"&#xe973;\" class=\"bt_bb_icon_holder\"><span>+90 538 828 36 05<\/span><\/a><\/div><\/div><\/div><\/div><div class=\"bt_bb_separator bt_bb_top_spacing_normal bt_bb_bottom_spacing_normal bt_bb_border_style_solid bt_bb_color_dark\"><\/div><div  class=\"bt_bb_text\" ><p class=\"s3\"><span class=\"s2\">2018 y\u0131l\u0131nda ba\u015flad\u0131\u011f\u0131m Bursa Uluda\u011f \u00dcniversitesi Hukuk Fak\u00fcltesi&#8217;ndeki e\u011fitimimi 2022 y\u0131l\u0131nda tamamlad\u0131m.<\/span> <span class=\"s2\">Bunun yan\u0131 s\u0131ra, Eski\u015fehir Anadolu \u00dcniversitesi Maliye b\u00f6l\u00fcm\u00fcnden mezun oldum.<\/span><span class=\"s2\"> H<\/span><span class=\"s2\">ukuk ve maliye alanlar\u0131nda e\u011fitim alm\u0131\u015f ve bu iki disiplini bir araya getirerek m\u00fcvekkillerime kapsaml\u0131 hukuki \u00e7\u00f6z\u00fcmler sunan bir avukat\u0131m. <\/span><\/p>\n<p class=\"s3\"><span class=\"s2\">\u0130ngilizce ve Almanca dillerindeki yetkinli\u011fim sayesinde, \u00f6zellikle T\u00fcrkiye\u2019de ya\u015fayan veya burada i\u015f yapan yabanc\u0131 m\u00fcvekkillerime hukuki dan\u0131\u015fmanl\u0131k ve temsil hizmetleri veriyorum.<\/span><\/p>\n<p class=\"s3\"><span class=\"s2\">Vergi hukuku, bo\u015fanma hukuku, ticaret hukuku, ceza hukuku ve genel olarak \u00f6zel hukukun \u00e7e\u015fitli alanlar\u0131nda deneyime sahibim. Ayn\u0131 zamanda, <\/span><span class=\"s2\">B<\/span><span class=\"s2\">lockchain teknolojileri, Bitcoin ve di\u011fer dijital varl\u0131klarla ilgili bili\u015fim hukuku konular\u0131nda da uzmanl\u0131k sahibiyim. Bu alanda, hem bireysel hem de kurumsal m\u00fcvekkillerime en g\u00fcncel ve etkili hukuki \u00e7\u00f6z\u00fcmleri sunuyorum.<\/span><\/p>\n<p class=\"s3\"><span class=\"s2\">Hukuki meselelerinizi titizlikle ele alarak, sizin i\u00e7in en iyi \u00e7\u00f6z\u00fcmleri sunmak ve haklar\u0131n\u0131z\u0131 en g\u00fc\u00e7l\u00fc \u015fekilde savunmak i\u00e7in buraday\u0131<\/span><span class=\"s2\">m<\/span><span class=\"s2\">. Hukuki konularda g\u00fcvenilir ve etkili bir dan\u0131\u015fmana ihtiyac\u0131n\u0131z varsa, benimle ileti\u015fime ge\u00e7ebilirsiniz.<\/span><\/p>\n<p class=\"s3\"><span class=\"s2\">&#8212;&#8212;&#8212;&#8212;&#8212;&#8212;&#8212;&#8212;&#8212;&#8212;&#8212;&#8212;&#8212;&#8212;&#8212;&#8212;&#8212;&#8212;&#8212;&#8212;&#8212;&#8212;&#8212;&#8212;&#8212;&#8212;&#8212;&#8212;&#8212;&#8212;&#8212;&#8212;&#8212;&#8212;&#8212;&#8212;&#8212;&#8211;<\/span><\/p>\n<p class=\"s3\"><span class=\"s2\">I completed my legal education at Bursa Uluda\u011f University Faculty of Law in 2022, having started in 2018. Additionally, I graduated from <\/span><span class=\"s2\">Eski\u015fehir<\/span><span class=\"s2\"> Anadolu University with a degree in Finance. With my background in law and finance, I offer comprehensive and effective legal solutions to my clients. My proficiency in English and German allows me to provide legal consultancy and representation, especially to foreign clients living or doing business in Turkey.<\/span><\/p>\n<p class=\"s3\"><span class=\"s2\">I have experience in various fields of law, including tax law, family law, commercial law, criminal law, and other areas of private law. I am also specialized in information technology law, including blockchain technologies, Bitcoin, and other digital assets. I strive to offer the most current and effective legal solutions to both individual and corporate clients in these areas.<\/span><\/p>\n<p class=\"s3\"><span class=\"s2\">I am here to meticulously handle your legal matters and provide the best solutions to protect your rights. If you need a reliable and effective legal advisor, feel free to contact me.<\/span><\/p>\n<\/div><div class=\"bt_bb_separator bt_bb_bottom_spacing_normal bt_bb_border_style_none\"><\/div><div class=\"bt_bb_icon bt_bb_color_scheme_6 bt_bb_style_filled bt_bb_size_small bt_bb_shape_square bt_bb_align_inherit\" data-bt-override-class=\"{&quot;bt_bb_size_&quot;:{&quot;current_class&quot;:&quot;bt_bb_size_small&quot;,&quot;xl&quot;:&quot;small&quot;},&quot;bt_bb_align_&quot;:{&quot;current_class&quot;:&quot;bt_bb_align_inherit&quot;,&quot;xl&quot;:&quot;inherit&quot;}}\"><a href=\"\/en\/linkedin.com\/in\/av-emre-sabur\/\"  target=\"_blank\"   data-ico-fontawesome=\"&#xf0e1;\" class=\"bt_bb_icon_holder\"><\/a><\/div><div class=\"bt_bb_icon bt_bb_color_scheme_6 bt_bb_style_filled bt_bb_size_small bt_bb_shape_square bt_bb_align_inherit\" data-bt-override-class=\"{&quot;bt_bb_size_&quot;:{&quot;current_class&quot;:&quot;bt_bb_size_small&quot;,&quot;xl&quot;:&quot;small&quot;},&quot;bt_bb_align_&quot;:{&quot;current_class&quot;:&quot;bt_bb_align_inherit&quot;,&quot;xl&quot;:&quot;inherit&quot;}}\"><a href=\"\/en\/instagram.com\/av.emresabur\/\"  target=\"_blank\"   data-ico-fontawesome=\"&#xf16d;\" class=\"bt_bb_icon_holder\"><\/a><\/div><div class=\"bt_bb_separator bt_bb_bottom_spacing_small bt_bb_border_style_none\"><\/div><\/div><\/div><\/div><\/div><\/div><\/div><\/div><\/div><\/section><\/div>","protected":false},"excerpt":{"rendered":"","protected":false},"author":1,"featured_media":0,"parent":0,"menu_order":0,"comment_status":"closed","ping_status":"closed","template":"","meta":[],"yoast_head":"<!-- This site is optimized with the Yoast SEO Premium plugin v15.9.1 - https:\/\/yoast.com\/wordpress\/plugins\/seo\/ -->\n<title>Alanya Avukat Emre SABUR - Sabur Hukuk Alanya Avukat<\/title>\n<meta name=\"description\" content=\"Alanya ceza avukat\u0131, Alanya bo\u015fanma avukat\u0131, Alanya avukat\u0131, Alanya i\u015f davas\u0131 avukat\u0131, Alanya avukat\u0131, Alanya Avukat Emre SABUR\" \/>\n<meta name=\"robots\" content=\"index, follow, max-snippet:-1, max-image-preview:large, max-video-preview:-1\" \/>\n<link rel=\"canonical\" href=\"https:\/\/saburhukuk.com.tr\/en\/avukat-emre-sabur\/\" \/>\n<meta property=\"og:locale\" content=\"en_GB\" \/>\n<meta property=\"og:type\" content=\"article\" \/>\n<meta property=\"og:title\" content=\"Alanya Avukat Emre SABUR - Sabur Hukuk Alanya Avukat\" \/>\n<meta property=\"og:description\" content=\"Alanya ceza avukat\u0131, Alanya bo\u015fanma avukat\u0131, Alanya avukat\u0131, Alanya i\u015f davas\u0131 avukat\u0131, Alanya avukat\u0131, Alanya Avukat Emre SABUR\" \/>\n<meta property=\"og:url\" content=\"https:\/\/saburhukuk.com.tr\/en\/avukat-emre-sabur\/\" \/>\n<meta property=\"og:site_name\" content=\"Sabur Hukuk\" \/>\n<meta property=\"article:publisher\" content=\"https:\/\/www.facebook.com\/saburhukuk\" \/>\n<meta property=\"article:modified_time\" content=\"2024-09-18T10:16:54+00:00\" \/>\n<meta name=\"twitter:card\" content=\"summary_large_image\" \/>\n<meta name=\"twitter:label1\" content=\"Estimated reading time\">\n\t<meta name=\"twitter:data1\" content=\"8 minutes\">\n<script type=\"application\/ld+json\" class=\"yoast-schema-graph\">{\"@context\":\"https:\/\/schema.org\",\"@graph\":[{\"@type\":\"Organization\",\"@id\":\"https:\/\/saburhukuk.com.tr\/#organization\",\"name\":\"Sabur Hukuk ve Dan\\u0131\\u015fmanl\\u0131k\",\"url\":\"https:\/\/saburhukuk.com.tr\/\",\"sameAs\":[\"https:\/\/www.facebook.com\/saburhukuk\",\"https:\/\/www.instagram.com\/saburhukuk\/\",\"https:\/\/www.linkedin.com\/in\/selen-sabur-a1889b213\/\"],\"logo\":{\"@type\":\"ImageObject\",\"@id\":\"https:\/\/saburhukuk.com.tr\/#logo\",\"inLanguage\":\"en-GB\",\"url\":\"https:\/\/saburhukuk.com.tr\/wp-content\/uploads\/2021\/07\/sabur-hukuk-.png\",\"width\":1080,\"height\":330,\"caption\":\"Sabur Hukuk ve Dan\\u0131\\u015fmanl\\u0131k\"},\"image\":{\"@id\":\"https:\/\/saburhukuk.com.tr\/#logo\"}},{\"@type\":\"WebSite\",\"@id\":\"https:\/\/saburhukuk.com.tr\/#website\",\"url\":\"https:\/\/saburhukuk.com.tr\/\",\"name\":\"Sabur Hukuk B\\u00fcrosu - Alanya Avukat\",\"description\":\"Alanya Avukat - Alanya Hukuk B\\u00fcrosu\",\"publisher\":{\"@id\":\"https:\/\/saburhukuk.com.tr\/#organization\"},\"potentialAction\":[{\"@type\":\"SearchAction\",\"target\":\"https:\/\/saburhukuk.com.tr\/?s={search_term_string}\",\"query-input\":\"required name=search_term_string\"}],\"inLanguage\":\"en-GB\"},{\"@type\":\"WebPage\",\"@id\":\"https:\/\/saburhukuk.com.tr\/avukat-emre-sabur\/#webpage\",\"url\":\"https:\/\/saburhukuk.com.tr\/avukat-emre-sabur\/\",\"name\":\"Alanya Avukat Emre SABUR - Sabur Hukuk Alanya Avukat\",\"isPartOf\":{\"@id\":\"https:\/\/saburhukuk.com.tr\/#website\"},\"datePublished\":\"2024-09-18T09:40:22+00:00\",\"dateModified\":\"2024-09-18T10:16:54+00:00\",\"description\":\"Alanya ceza avukat\\u0131, Alanya bo\\u015fanma avukat\\u0131, Alanya avukat\\u0131, Alanya i\\u015f davas\\u0131 avukat\\u0131, Alanya avukat\\u0131, Alanya Avukat Emre SABUR\",\"breadcrumb\":{\"@id\":\"https:\/\/saburhukuk.com.tr\/avukat-emre-sabur\/#breadcrumb\"},\"inLanguage\":\"en-GB\",\"potentialAction\":[{\"@type\":\"ReadAction\",\"target\":[\"https:\/\/saburhukuk.com.tr\/avukat-emre-sabur\/\"]}]},{\"@type\":\"BreadcrumbList\",\"@id\":\"https:\/\/saburhukuk.com.tr\/avukat-emre-sabur\/#breadcrumb\",\"itemListElement\":[{\"@type\":\"ListItem\",\"position\":1,\"item\":{\"@type\":\"WebPage\",\"@id\":\"https:\/\/saburhukuk.com.tr\/avukat-emre-sabur\/\",\"url\":\"https:\/\/saburhukuk.com.tr\/avukat-emre-sabur\/\",\"name\":\"Avukat Emre SABUR\"}}]}]}<\/script>\n<!-- \/ Yoast SEO Premium plugin. -->","_links":{"self":[{"href":"https:\/\/saburhukuk.com.tr\/en\/wp-json\/wp\/v2\/pages\/4468"}],"collection":[{"href":"https:\/\/saburhukuk.com.tr\/en\/wp-json\/wp\/v2\/pages"}],"about":[{"href":"https:\/\/saburhukuk.com.tr\/en\/wp-json\/wp\/v2\/types\/page"}],"author":[{"embeddable":true,"href":"https:\/\/saburhukuk.com.tr\/en\/wp-json\/wp\/v2\/users\/1"}],"replies":[{"embeddable":true,"href":"https:\/\/saburhukuk.com.tr\/en\/wp-json\/wp\/v2\/comments?post=4468"}],"version-history":[{"count":13,"href":"https:\/\/saburhukuk.com.tr\/en\/wp-json\/wp\/v2\/pages\/4468\/revisions"}],"predecessor-version":[{"id":4486,"href":"https:\/\/saburhukuk.com.tr\/en\/wp-json\/wp\/v2\/pages\/4468\/revisions\/4486"}],"wp:attachment":[{"href":"https:\/\/saburhukuk.com.tr\/en\/wp-json\/wp\/v2\/media?parent=4468"}],"curies":[{"name":"wp","href":"https:\/\/api.w.org\/{rel}","templated":true}]}}