{"id":4464,"date":"2024-09-18T12:37:13","date_gmt":"2024-09-18T09:37:13","guid":{"rendered":"https:\/\/saburhukuk.com.tr\/?page_id=4464"},"modified":"2024-09-18T12:39:39","modified_gmt":"2024-09-18T09:39:39","slug":"kvkk-uzmanligi","status":"publish","type":"page","link":"https:\/\/saburhukuk.com.tr\/en\/hizmetlerimiz\/kvkk-uzmanligi\/","title":{"rendered":"KVKK Uzmanl\u0131\u011f\u0131"},"content":{"rendered":"<div class=\"bt_bb_wrapper\"><section id=\"bt_bb_section69d7dd7ecb6b7\"  class=\"bt_bb_section bt_bb_top_spacing_large bt_bb_bottom_spacing_large bt_bb_color_scheme_10 bt_bb_layout_boxed_1200 bt_bb_vertical_align_top\" style=\";background-color:#0f1625;\"><div class=\"bt_bb_port\"><div class=\"bt_bb_cell\"><div class=\"bt_bb_cell_inner\"><div class=\"bt_bb_row_wrapper\"><div  class=\"bt_bb_row\" ><div  class=\"bt_bb_column col-xl-3 bt_bb_align_left bt_bb_padding_normal\"  data-width=\"3\" data-bt-override-class=\"{}\"><div class=\"bt_bb_column_content bt_bb_vertical_align_top bt_bb_color_scheme_\"><div class=\"bt_bb_column_content_inner\"><\/div><\/div><\/div><div  class=\"bt_bb_column col-xl-6 bt_bb_align_center bt_bb_padding_50 bt_bb_animation_fade_in animate\"  data-width=\"6\" data-bt-override-class=\"{}\"><div class=\"bt_bb_column_content bt_bb_vertical_align_middle bt_bb_color_scheme_\"><div class=\"bt_bb_column_content_inner\"><div class=\"bt_bb_separator bt_bb_bottom_spacing_medium bt_bb_border_style_none bt_bb_hidden_xs bt_bb_hidden_ms bt_bb_hidden_sm\"><\/div><header class=\"bt_bb_headline bt_bb_color_scheme_6 bt_bb_dash_none bt_bb_size_extralarge bt_bb_superheadline bt_bb_align_inherit\" data-bt-override-class=\"{&quot;bt_bb_size_&quot;:{&quot;current_class&quot;:&quot;bt_bb_size_extralarge&quot;,&quot;xl&quot;:&quot;extralarge&quot;},&quot;bt_bb_align_&quot;:{&quot;current_class&quot;:&quot;bt_bb_align_inherit&quot;,&quot;xl&quot;:&quot;inherit&quot;}}\"><h2 class=\"bt_bb_headline_tag\"><span class=\"bt_bb_headline_superheadline\">Alanya KVKK Uzmanl\u0131\u011f\u0131<\/span><span class=\"bt_bb_headline_content\"><span>Alanya KVKK Uzmanl\u0131\u011f\u0131<\/span><\/span><\/h2><\/header><div class=\"bt_bb_separator bt_bb_bottom_spacing_medium bt_bb_border_style_none bt_bb_hidden_xs bt_bb_hidden_ms bt_bb_hidden_sm\"><\/div><\/div><\/div><\/div><div  class=\"bt_bb_column col-xl-3 bt_bb_align_left bt_bb_padding_normal\"  data-width=\"3\" data-bt-override-class=\"{}\"><div class=\"bt_bb_column_content bt_bb_vertical_align_top bt_bb_color_scheme_\"><div class=\"bt_bb_column_content_inner\"><\/div><\/div><\/div><\/div><\/div><\/div><\/div><\/div><\/section><section id=\"bt_bb_section69d7dd7ecbb17\"  class=\"bt_bb_section bt_bb_top_spacing_large bt_bb_bottom_spacing_medium bt_bb_layout_boxed_1200 bt_bb_vertical_align_top bt_bb_hidden_xs bt_bb_hidden_ms bt_bb_hidden_sm bt_bb_negative_margin_large\" ><div class=\"bt_bb_port\"><div class=\"bt_bb_cell\"><div class=\"bt_bb_cell_inner\"><div class=\"bt_bb_row_wrapper\"><div  class=\"bt_bb_row bt_bb_layout_special btOverlapRight\" ><div  class=\"bt_bb_column col-xl-12 bt_bb_align_center bt_bb_icon_color_scheme_6 bt_bb_padding_normal bt_bb_animation_fade_in animate\" style=\"; --column-icon-primary-color:#ffffff; --column-icon-secondary-color:#B07C4B;\" data-width=\"12\" data-bt-override-class=\"{}\"><div class=\"bt_bb_column_content bt_bb_vertical_align_top bt_bb_color_scheme_\"><div class=\"bt_bb_column_content_inner\"><div class=\"bt_bb_separator bt_bb_top_spacing_normal bt_bb_bottom_spacing_normal bt_bb_border_style_none bt_bb_hidden_xs bt_bb_hidden_ms bt_bb_hidden_sm\"><\/div><header class=\"bt_bb_headline bt_bb_color_scheme_14 bt_bb_dash_none bt_bb_size_normal bt_bb_align_inherit\" data-bt-override-class=\"{&quot;bt_bb_size_&quot;:{&quot;current_class&quot;:&quot;bt_bb_size_normal&quot;,&quot;xl&quot;:&quot;normal&quot;},&quot;bt_bb_align_&quot;:{&quot;current_class&quot;:&quot;bt_bb_align_inherit&quot;,&quot;xl&quot;:&quot;inherit&quot;}}\"><h3 class=\"bt_bb_headline_tag\"><span class=\"bt_bb_headline_content\"><span>KVKK Uzmanl\u0131\u011f\u0131<\/span><\/span><\/h3><\/header><div class=\"bt_bb_separator bt_bb_bottom_spacing_normal bt_bb_border_style_none\"><\/div><div  class=\"bt_bb_text\" ><p>KVKK, Ki\u015fisel Verilerin Korunmas\u0131 Kanunu anlam\u0131na gelir.\u00a0Kanunun amac\u0131, ki\u015fisel verilerin i\u015flenmesinin disiplin alt\u0131na al\u0131nmas\u0131 ve Anayasada \u00f6ng\u00f6r\u00fclen ba\u015fta \u00f6zel hayat\u0131n gizlili\u011fi olmak \u00fczere temel hak ve \u00f6zg\u00fcrl\u00fcklerin korunmas\u0131d\u0131r. Kanun ile son y\u0131llarda \u00f6nem kazanan, ki\u015finin mahremiyetinin korunmas\u0131 ile veri g\u00fcvenli\u011finin sa\u011flanmas\u0131 ve ki\u015fisel verileri i\u015fleyen ger\u00e7ek ve t\u00fczel ki\u015filerin y\u00fck\u00fcml\u00fcl\u00fckleri ile uyacaklar\u0131 usul ve esaslar\u0131n d\u00fczenlenmesi de bu kapsamda de\u011ferlendirilmektedir.<\/p>\n<p>Kanunla, ki\u015fisel verilerin s\u0131n\u0131rs\u0131z bi\u00e7imde ve geli\u015fig\u00fczel toplanmas\u0131n\u0131n, yetkisiz ki\u015filerin eri\u015fimine a\u00e7\u0131lmas\u0131n\u0131n, a\u00e7\u0131klanmas\u0131 veya ama\u00e7 d\u0131\u015f\u0131 ya da k\u00f6t\u00fcye kullan\u0131m\u0131 sonucu ki\u015filik haklar\u0131n\u0131n ihlal edilmesinin \u00f6n\u00fcne ge\u00e7ilmesi ama\u00e7lanmaktad\u0131r. Ki\u015fisel verilerin hangi kurallara tabi olarak, hangi \u015fartlarda i\u015flenebilece\u011fi hususunu kontrol alt\u0131na alma amac\u0131n\u0131 g\u00fcden Kanun, ki\u015fisel verilerin i\u015flenmesine ili\u015fkin denetim mekanizmalar\u0131 getirerek, bu verilerin hukuka ayk\u0131r\u0131 olarak i\u015flenmesini engellemeyi hedeflemektedir. Ayr\u0131ca, ki\u015fisel verileri i\u015fleyen ger\u00e7ek ve t\u00fczel ki\u015filerin y\u00fck\u00fcml\u00fcl\u00fckleri ile uyacaklar\u0131 usul ve esaslar\u0131n da d\u00fczenlenmesi Kanunun ama\u00e7lar\u0131 aras\u0131nda yer almaktad\u0131r.<\/p>\n<p>Bu maddeye g\u00f6re Kanunun amac\u0131:<\/p>\n<p>\u2022 Ki\u015fisel verilerin i\u015flenmesinde, ki\u015filerin temel hak ve \u00f6zg\u00fcrl\u00fcklerini korumak,<\/p>\n<p>\u2022 Ki\u015fisel verileri i\u015fleyen ger\u00e7ek ve t\u00fczel ki\u015filerin y\u00fck\u00fcml\u00fcl\u00fckleri ile uyacaklar\u0131 usul ve esaslar\u0131 d\u00fczenlemek (disiplin alt\u0131na almak),<\/p>\n<p>\u2022 Ki\u015filerin mahremiyetini korumak (\u00f6zel hayat\u0131n gizlili\u011fi),<\/p>\n<p>\u2022 Ki\u015fisel veri g\u00fcvenli\u011fini sa\u011flamak, olarak say\u0131labilir.<\/p>\n<p>Kanunun Kapsam\u0131; Kanunun 2. maddesinde, Kanunun kapsam\u0131 belirtilmi\u015ftir. Bu maddeye g\u00f6re Kanun, ki\u015fisel verileri i\u015flenen ger\u00e7ek ki\u015filer ile bu verileri tamamen veya k\u0131smen otomatik olan ya da herhangi bir veri kay\u0131t sisteminin par\u00e7as\u0131 olmak kayd\u0131yla otomatik olmayan yollarla i\u015fleyen ger\u00e7ek ve t\u00fczel ki\u015filer hakk\u0131nda uygulanacakt\u0131r. Kanunda kamu kurumlar\u0131 ile \u00f6zel kurulu\u015flar a\u00e7\u0131s\u0131ndan ayr\u0131m yap\u0131lmam\u0131\u015ft\u0131r. Kanunun belirledi\u011fi usul ve esaslar kural olarak t\u00fcm kurum ve kurulu\u015flar i\u00e7in ge\u00e7erlidir. Dolay\u0131s\u0131yla kamu kurumlar\u0131n\u0131n i\u015fledi\u011fi ki\u015fisel veriler hakk\u0131nda da bu Kanun h\u00fck\u00fcmleri uygulanacakt\u0131r. 6698 say\u0131l\u0131 Kanun kapsam\u0131nda koruma alt\u0131na al\u0131nan ki\u015fisel veriler sadece ger\u00e7ek ki\u015filere ait olan ki\u015fisel veriler olup, t\u00fczel ki\u015filere ait olanlar koruma alt\u0131nda bulunmamaktad\u0131r. Fakat t\u00fczel ki\u015fiye ait verinin elde edilmesi, bir veya birden fazla ger\u00e7ek ki\u015finin kimli\u011finin belirlenmesine neden oluyor ise, bu t\u00fcr verilerin de Kanunun korumas\u0131ndan yararlanmas\u0131 m\u00fcmk\u00fcn olabilir. Bu durumda da esasen korunan, ger\u00e7ek ki\u015fiye ili\u015fkin ki\u015fisel veriler olmaktad\u0131r.<\/p>\n<p>Kanunda ki\u015fisel verilerin k\u0131smen veya tamamen otomatik olan ya da herhangi bir veri kay\u0131t sisteminin par\u00e7as\u0131 olmak kayd\u0131yla otomatik olmayan yollarla i\u015flenmesi bak\u0131m\u0131ndan da herhangi bir fark \u00f6ng\u00f6r\u00fclmemi\u015ftir. Bu do\u011frultuda ki\u015fisel verilere ula\u015f\u0131m\u0131 kolayla\u015ft\u0131racak \u015fekilde, belirli bir kritere g\u00f6re yap\u0131land\u0131r\u0131lm\u0131\u015f her t\u00fcrl\u00fc sistem Kanun kapsam\u0131nda de\u011ferlendirilecektir. G\u00fcn\u00fcm\u00fczde ki\u015fisel veriler, b\u00fcy\u00fck oranda otomatik yollarla i\u015flenmektedir. Daha \u00f6nce otomatik olmayan yollarla i\u015flenmi\u015f verilerin ise, pek \u00e7ok yerde h\u0131zla elektronik ortama aktar\u0131ld\u0131\u011f\u0131 g\u00f6r\u00fclmektedir. Buna ba\u011fl\u0131 olarak, \u201ctamamen veya k\u0131smen otomatik yollarla i\u015flenen veriler\u201d ve \u201cherhangi bir veri kay\u0131t sisteminin par\u00e7as\u0131 olmak kayd\u0131yla otomatik olmayan yollarla i\u015flenen veriler\u201d 6698 say\u0131l\u0131 Kanun kapsam\u0131nda koruma alt\u0131na al\u0131nm\u0131\u015ft\u0131r. Dolay\u0131s\u0131yla Kanun otomatik olmayan yollarla i\u015flenen verileri tamamen kapsam d\u0131\u015f\u0131nda b\u0131rakmamaktad\u0131r. Burada \u00f6nemli olan otomatik olmayan yollarla i\u015flenen verilerin veri kay\u0131t sisteminin par\u00e7as\u0131 olup olmad\u0131\u011f\u0131d\u0131r. \u00d6rne\u011fin, herhangi bir kritere ba\u011fl\u0131 olmaks\u0131z\u0131n ki\u015filerin ad ve soyadlar\u0131n\u0131n rastgele bir \u015fekilde ka\u011f\u0131tta yer almas\u0131 hali Kanun kapsam\u0131na girmemekle birlikte, s\u00f6z konusu isimlerin belirli bir kritere g\u00f6re bir ka\u011f\u0131da kaydedilmesi halinde, bu veri kayd\u0131 Kanun kapsam\u0131nda de\u011ferlendirilecektir.<\/p>\n<p>\u0130\u015fte t\u00fcm bu y\u00fck\u00fcml\u00fcl\u00fckleri yerine getirmek i\u00e7in sizlere uzman olarak VERB\u0130S (sistem kayd\u0131ndan) , raporlamaya kadar, t\u00fcm onay ve r\u0131za formlar\u0131n\u0131 haz\u0131rlayarak sisteme kayd\u0131n\u0131z yaparak, i\u015fin takibini ger\u00e7ekle\u015ftirmekle birlikte , m\u00fc\u015fterileriniz ve \u00e7al\u0131\u015fanlar\u0131n\u0131z\u0131n da t\u00fcm gizlili\u011fini koruyoruz.<\/p>\n<\/div><div class=\"bt_bb_separator bt_bb_top_spacing_small bt_bb_bottom_spacing_normal bt_bb_border_style_none\"><\/div><div class=\"bt_bb_button bt_bb_color_scheme_3 bt_bb_style_clean bt_bb_size_large bt_bb_width_inline bt_bb_shape_inherit bt_bb_align_inherit\" style=\"; --button-primary-color:#B07C4B; --button-secondary-color:#191919;\" data-bt-override-class=\"{}\"><a href=\"\/en\/get-quote\/\" target=\"_self\" class=\"bt_bb_link\" title=\"Contact\"><span class=\"bt_bb_button_text\">Contact<\/span><\/a><\/div><\/div><\/div><\/div><\/div><\/div><\/div><\/div><\/div><\/section><section id=\"bt_bb_section69d7dd7ecd7fc\"  class=\"bt_bb_section bt_bb_layout_wide bt_bb_vertical_align_top\" ><div class=\"bt_bb_port\"><div class=\"bt_bb_cell\"><div class=\"bt_bb_cell_inner\"><div class=\"bt_bb_row_wrapper\"><div  class=\"bt_bb_row bt_bb_layout_special btOverlapRight\" ><div  class=\"bt_bb_column col-xl-6 bt_bb_align_right bt_bb_padding_normal bt_bb_animation_fade_in animate\"  data-width=\"6\" data-bt-override-class=\"{}\"><div class=\"bt_bb_column_content bt_bb_vertical_align_top bt_bb_color_scheme_ bt_bb_column_background_image\" style=\"background-image:url(&#039;https:\/\/saburhukuk.com.tr\/wp-content\/uploads\/2019\/11\/inner_background_02-1.jpg&#039;);\"><div class=\"bt_bb_column_content_inner\"><div class=\"bt_bb_separator bt_bb_bottom_spacing_130 bt_bb_border_style_none\"><\/div><header class=\"bt_bb_headline bt_bb_color_scheme_6 bt_bb_dash_none bt_bb_size_medium bt_bb_superheadline bt_bb_align_inherit\" data-bt-override-class=\"{&quot;bt_bb_align_&quot;:{&quot;current_class&quot;:&quot;bt_bb_align_inherit&quot;,&quot;xl&quot;:&quot;inherit&quot;}}\"><h3 class=\"bt_bb_headline_tag\"><span class=\"bt_bb_headline_superheadline\">SABUR LAW AND CONSULTANCY<\/span><span class=\"bt_bb_headline_content\"><span><strong>Call us, <\/strong>send an e-mail<strong> or leave a message <\/strong><\/span><\/span><\/h3><\/header><div class=\"bt_bb_separator bt_bb_bottom_spacing_50 bt_bb_border_style_none\"><\/div><div class=\"bt_bb_button bt_bb_color_scheme_6 bt_bb_icon_color_scheme_6 bt_bb_style_outline bt_bb_size_large bt_bb_width_inline bt_bb_shape_square bt_bb_align_inherit btWithIcon\" style=\"; --button-primary-color:#ffffff; --button-secondary-color:#B07C4B;; --button-icon-primary-color:#ffffff; --button-icon-secondary-color:#B07C4B;\" data-bt-override-class=\"{}\"><a href=\"tel:+905522240841\" target=\"_self\" class=\"bt_bb_link\" title=\"+90 552 224 08 41\"><div class=\"bt_bb_icon\"><span  data-ico-icon7stroke=\"&#xe670;\" class=\"bt_bb_icon_holder\"><\/span><\/div><div class=\"bt_bb_link\"><span class=\"bt_bb_button_text\">+90 552 224 08 41<\/span><\/div><\/a><\/div><\/div><\/div><\/div><div  class=\"bt_bb_column col-xl-6 btWithIcon bt_bb_align_left bt_bb_icon_color_scheme_6 bt_bb_padding_normal bt_bb_animation_fade_in animate\" style=\"; --column-icon-primary-color:#ffffff; --column-icon-secondary-color:#B07C4B;\" data-width=\"6\" data-bt-override-class=\"{}\"><div class=\"bt_bb_column_content bt_bb_vertical_align_top bt_bb_color_scheme_\"><div class=\"bt_bb_column_icon\"><span  data-ico-icon7stroke=\"&#xe62c;\" class=\"bt_bb_icon_holder\"><\/span><\/div><div class=\"bt_bb_column_content_inner\"><header class=\"bt_bb_headline bt_bb_color_scheme_14 bt_bb_dash_none bt_bb_size_medium bt_bb_align_inherit\" data-bt-override-class=\"{&quot;bt_bb_align_&quot;:{&quot;current_class&quot;:&quot;bt_bb_align_inherit&quot;,&quot;xl&quot;:&quot;inherit&quot;}}\"><h3 class=\"bt_bb_headline_tag\"><span class=\"bt_bb_headline_content\"><span>Let us call you<\/span><\/span><\/h3><\/header><div class=\"bt_bb_separator bt_bb_bottom_spacing_normal bt_bb_border_style_none\"><\/div><div class=\"bt_bb_contact_form_7\"><div role=\"form\" class=\"wpcf7\" id=\"wpcf7-f2212-o1\" lang=\"en-US\" dir=\"ltr\">\n<div class=\"screen-reader-response\"><p role=\"status\" aria-live=\"polite\" aria-atomic=\"true\"><\/p> <ul><\/ul><\/div>\n<form action=\"\/en\/wp-json\/wp\/v2\/pages\/4464#wpcf7-f2212-o1\" method=\"post\" class=\"wpcf7-form init\" novalidate=\"novalidate\" data-status=\"init\" data-trp-original-action=\"\/en\/wp-json\/wp\/v2\/pages\/4464#wpcf7-f2212-o1\">\n<div style=\"display: none;\">\n<input type=\"hidden\" name=\"_wpcf7\" value=\"2212\" \/>\n<input type=\"hidden\" name=\"_wpcf7_version\" value=\"5.4.2\" \/>\n<input type=\"hidden\" name=\"_wpcf7_locale\" value=\"en_US\" \/>\n<input type=\"hidden\" name=\"_wpcf7_unit_tag\" value=\"wpcf7-f2212-o1\" \/>\n<input type=\"hidden\" name=\"_wpcf7_container_post\" value=\"0\" \/>\n<input type=\"hidden\" name=\"_wpcf7_posted_data_hash\" value=\"\" \/>\n<\/div>\n<div class=\"btForm\">\n<div class=\"btFormRow btFlex\">\n<div class=\"btFormColumn\"><span class=\"wpcf7-form-control-wrap your-name\"><input type=\"text\" name=\"your-name\" value=\"\" size=\"40\" class=\"wpcf7-form-control wpcf7-text wpcf7-validates-as-required\" aria-required=\"true\" aria-invalid=\"false\" placeholder=\"Name*\" \/><\/span><\/div>\n<div class=\"btFormColumn\"><span class=\"wpcf7-form-control-wrap your-email\"><input type=\"email\" name=\"your-email\" value=\"\" size=\"40\" class=\"wpcf7-form-control wpcf7-text wpcf7-email wpcf7-validates-as-required wpcf7-validates-as-email\" aria-required=\"true\" aria-invalid=\"false\" placeholder=\"E-mail*\" \/><\/span><\/div>\n<\/div>\n<div class=\"btFormRow\">\n<div class=\"btFormColumn\"><span class=\"wpcf7-form-control-wrap your-tel\"><input type=\"tel\" name=\"your-tel\" value=\"\" size=\"40\" class=\"wpcf7-form-control wpcf7-text wpcf7-tel wpcf7-validates-as-tel\" aria-invalid=\"false\" placeholder=\"Telephone\" \/><\/span><\/div>\n<\/div>\n<div class=\"btFormRow\">\n<div class=\"btFormColumn\"><span class=\"wpcf7-form-control-wrap your-service\"><select name=\"your-service\" class=\"wpcf7-form-control wpcf7-select wpcf7-validates-as-required\" aria-required=\"true\" aria-invalid=\"false\"><option value=\"\">---<\/option><option value=\"Family Law\">Family Law<\/option><option value=\"Marriage Agreements\">Marriage Agreements<\/option><option value=\"Financial Settlements\">Financial Settlements<\/option><\/select><\/span><\/div>\n<\/div>\n<div class=\"btFormRow\">\n<div class=\"btFormColumn\"><span class=\"wpcf7-form-control-wrap your-message\"><textarea name=\"your-message\" cols=\"40\" rows=\"10\" class=\"wpcf7-form-control wpcf7-textarea wpcf7-validates-as-required\" aria-required=\"true\" aria-invalid=\"false\" placeholder=\"Details*\"><\/textarea><\/span><\/div>\n<\/div>\n<div class=\"btFormButton\"><input type=\"submit\" value=\"SUBMIT\" class=\"wpcf7-form-control wpcf7-submit\" \/><\/div>\n<\/div>\n<div class=\"wpcf7-response-output\" aria-hidden=\"true\"><\/div><input type=\"hidden\" name=\"trp-form-language\" value=\"en\"\/><\/form><\/div><\/div><\/div><\/div><\/div><\/div><\/div><\/div><\/div><\/div><\/section><\/div>","protected":false},"excerpt":{"rendered":"","protected":false},"author":1,"featured_media":0,"parent":2083,"menu_order":0,"comment_status":"closed","ping_status":"closed","template":"","meta":[],"yoast_head":"<!-- This site is optimized with the Yoast SEO Premium plugin v15.9.1 - https:\/\/yoast.com\/wordpress\/plugins\/seo\/ -->\n<title>KVKK Uzmanl\u0131\u011f\u0131 - Sabur Hukuk - Alanya Bo\u015fanma Avukat\u0131 - Alanya Avukat<\/title>\n<meta name=\"description\" content=\"Alanya Bo\u015fanma Avukat\u0131 - Alanya Aile Hukuku Avukat\u0131 - Alanya &#039;da Bo\u015fanma Davalar\u0131na Bakan Avukatlar - Alanya Hukuk B\u00fcrosu - Alanya Bo\u015fanma\" \/>\n<meta name=\"robots\" content=\"index, follow, max-snippet:-1, max-image-preview:large, max-video-preview:-1\" \/>\n<link rel=\"canonical\" href=\"https:\/\/saburhukuk.com.tr\/en\/hizmetlerimiz\/kvkk-uzmanligi\/\" \/>\n<meta property=\"og:locale\" content=\"en_GB\" \/>\n<meta property=\"og:type\" content=\"article\" \/>\n<meta property=\"og:title\" content=\"KVKK Uzmanl\u0131\u011f\u0131 - Sabur Hukuk - Alanya Bo\u015fanma Avukat\u0131 - Alanya Avukat\" \/>\n<meta property=\"og:description\" content=\"Alanya Bo\u015fanma Avukat\u0131 - Alanya Aile Hukuku Avukat\u0131 - Alanya &#039;da Bo\u015fanma Davalar\u0131na Bakan Avukatlar - Alanya Hukuk B\u00fcrosu - Alanya Bo\u015fanma\" \/>\n<meta property=\"og:url\" content=\"https:\/\/saburhukuk.com.tr\/en\/hizmetlerimiz\/kvkk-uzmanligi\/\" \/>\n<meta property=\"og:site_name\" content=\"Sabur Hukuk\" \/>\n<meta property=\"article:publisher\" content=\"https:\/\/www.facebook.com\/saburhukuk\" \/>\n<meta property=\"article:modified_time\" content=\"2024-09-18T09:39:39+00:00\" \/>\n<meta name=\"twitter:card\" content=\"summary_large_image\" \/>\n<meta name=\"twitter:label1\" content=\"Estimated reading time\">\n\t<meta name=\"twitter:data1\" content=\"5 minutes\">\n<script type=\"application\/ld+json\" class=\"yoast-schema-graph\">{\"@context\":\"https:\/\/schema.org\",\"@graph\":[{\"@type\":\"Organization\",\"@id\":\"https:\/\/saburhukuk.com.tr\/#organization\",\"name\":\"Sabur Hukuk ve Dan\\u0131\\u015fmanl\\u0131k\",\"url\":\"https:\/\/saburhukuk.com.tr\/\",\"sameAs\":[\"https:\/\/www.facebook.com\/saburhukuk\",\"https:\/\/www.instagram.com\/saburhukuk\/\",\"https:\/\/www.linkedin.com\/in\/selen-sabur-a1889b213\/\"],\"logo\":{\"@type\":\"ImageObject\",\"@id\":\"https:\/\/saburhukuk.com.tr\/#logo\",\"inLanguage\":\"en-GB\",\"url\":\"https:\/\/saburhukuk.com.tr\/wp-content\/uploads\/2021\/07\/sabur-hukuk-.png\",\"width\":1080,\"height\":330,\"caption\":\"Sabur Hukuk ve Dan\\u0131\\u015fmanl\\u0131k\"},\"image\":{\"@id\":\"https:\/\/saburhukuk.com.tr\/#logo\"}},{\"@type\":\"WebSite\",\"@id\":\"https:\/\/saburhukuk.com.tr\/#website\",\"url\":\"https:\/\/saburhukuk.com.tr\/\",\"name\":\"Sabur Hukuk B\\u00fcrosu - Alanya Avukat\",\"description\":\"Alanya Avukat - Alanya Hukuk B\\u00fcrosu\",\"publisher\":{\"@id\":\"https:\/\/saburhukuk.com.tr\/#organization\"},\"potentialAction\":[{\"@type\":\"SearchAction\",\"target\":\"https:\/\/saburhukuk.com.tr\/?s={search_term_string}\",\"query-input\":\"required name=search_term_string\"}],\"inLanguage\":\"en-GB\"},{\"@type\":\"WebPage\",\"@id\":\"https:\/\/saburhukuk.com.tr\/hizmetlerimiz\/kvkk-uzmanligi\/#webpage\",\"url\":\"https:\/\/saburhukuk.com.tr\/hizmetlerimiz\/kvkk-uzmanligi\/\",\"name\":\"KVKK Uzmanl\\u0131\\u011f\\u0131 - Sabur Hukuk - Alanya Bo\\u015fanma Avukat\\u0131 - Alanya Avukat\",\"isPartOf\":{\"@id\":\"https:\/\/saburhukuk.com.tr\/#website\"},\"datePublished\":\"2024-09-18T09:37:13+00:00\",\"dateModified\":\"2024-09-18T09:39:39+00:00\",\"description\":\"Alanya Bo\\u015fanma Avukat\\u0131 - Alanya Aile Hukuku Avukat\\u0131 - Alanya 'da Bo\\u015fanma Davalar\\u0131na Bakan Avukatlar - Alanya Hukuk B\\u00fcrosu - Alanya Bo\\u015fanma\",\"breadcrumb\":{\"@id\":\"https:\/\/saburhukuk.com.tr\/hizmetlerimiz\/kvkk-uzmanligi\/#breadcrumb\"},\"inLanguage\":\"en-GB\",\"potentialAction\":[{\"@type\":\"ReadAction\",\"target\":[\"https:\/\/saburhukuk.com.tr\/hizmetlerimiz\/kvkk-uzmanligi\/\"]}]},{\"@type\":\"BreadcrumbList\",\"@id\":\"https:\/\/saburhukuk.com.tr\/hizmetlerimiz\/kvkk-uzmanligi\/#breadcrumb\",\"itemListElement\":[{\"@type\":\"ListItem\",\"position\":1,\"item\":{\"@type\":\"WebPage\",\"@id\":\"https:\/\/saburhukuk.com.tr\/hizmetlerimiz\/\",\"url\":\"https:\/\/saburhukuk.com.tr\/hizmetlerimiz\/\",\"name\":\"Hizmetlerimiz\"}},{\"@type\":\"ListItem\",\"position\":2,\"item\":{\"@type\":\"WebPage\",\"@id\":\"https:\/\/saburhukuk.com.tr\/hizmetlerimiz\/kvkk-uzmanligi\/\",\"url\":\"https:\/\/saburhukuk.com.tr\/hizmetlerimiz\/kvkk-uzmanligi\/\",\"name\":\"KVKK Uzmanl\\u0131\\u011f\\u0131\"}}]}]}<\/script>\n<!-- \/ Yoast SEO Premium plugin. -->","_links":{"self":[{"href":"https:\/\/saburhukuk.com.tr\/en\/wp-json\/wp\/v2\/pages\/4464"}],"collection":[{"href":"https:\/\/saburhukuk.com.tr\/en\/wp-json\/wp\/v2\/pages"}],"about":[{"href":"https:\/\/saburhukuk.com.tr\/en\/wp-json\/wp\/v2\/types\/page"}],"author":[{"embeddable":true,"href":"https:\/\/saburhukuk.com.tr\/en\/wp-json\/wp\/v2\/users\/1"}],"replies":[{"embeddable":true,"href":"https:\/\/saburhukuk.com.tr\/en\/wp-json\/wp\/v2\/comments?post=4464"}],"version-history":[{"count":2,"href":"https:\/\/saburhukuk.com.tr\/en\/wp-json\/wp\/v2\/pages\/4464\/revisions"}],"predecessor-version":[{"id":4466,"href":"https:\/\/saburhukuk.com.tr\/en\/wp-json\/wp\/v2\/pages\/4464\/revisions\/4466"}],"up":[{"embeddable":true,"href":"https:\/\/saburhukuk.com.tr\/en\/wp-json\/wp\/v2\/pages\/2083"}],"wp:attachment":[{"href":"https:\/\/saburhukuk.com.tr\/en\/wp-json\/wp\/v2\/media?parent=4464"}],"curies":[{"name":"wp","href":"https:\/\/api.w.org\/{rel}","templated":true}]}}