{"id":4101,"date":"2021-10-12T19:55:16","date_gmt":"2021-10-12T16:55:16","guid":{"rendered":"https:\/\/saburhukuk.com.tr\/?page_id=4101"},"modified":"2021-10-12T19:55:16","modified_gmt":"2021-10-12T16:55:16","slug":"makale-ve-haber","status":"publish","type":"page","link":"https:\/\/saburhukuk.com.tr\/en\/makaleler\/makale-ve-haber\/","title":{"rendered":"Makale ve Haber"},"content":{"rendered":"<div class=\"bt_bb_wrapper\"><section id=\"bt_bb_section69d7dd736ead8\" data-parallax=\"0.7\" data-parallax-offset=\"0\" class=\"bt_bb_section bt_bb_top_spacing_large bt_bb_bottom_spacing_large bt_bb_color_scheme_1 bt_bb_layout_boxed_1200 bt_bb_vertical_align_top bt_bb_background_image bt_bb_parallax\" style=\"background-image:url(&#039;https:\/\/saburhukuk.com.tr\/wp-content\/uploads\/2018\/09\/featured_image_blog-1.jpg&#039;);\"><div class=\"bt_bb_port\"><div class=\"bt_bb_cell\"><div class=\"bt_bb_cell_inner\"><div class=\"bt_bb_row_wrapper\"><div  class=\"bt_bb_row\" ><div  class=\"bt_bb_column col-xl-2 bt_bb_align_left bt_bb_padding_normal\"  data-width=\"2\" data-bt-override-class=\"{}\"><div class=\"bt_bb_column_content bt_bb_vertical_align_top bt_bb_color_scheme_\"><div class=\"bt_bb_column_content_inner\"><\/div><\/div><\/div><div  class=\"bt_bb_column col-xl-8 bt_bb_align_center bt_bb_padding_normal bt_bb_animation_fade_in animate\"  data-width=\"8\" data-bt-override-class=\"{}\"><div class=\"bt_bb_column_content bt_bb_vertical_align_top bt_bb_color_scheme_\"><div class=\"bt_bb_column_content_inner\"><div class=\"bt_bb_separator bt_bb_bottom_spacing_large bt_bb_border_style_none\"><\/div><header class=\"bt_bb_headline bt_bb_color_scheme_1 bt_bb_dash_top bt_bb_size_large bt_bb_align_inherit\" data-bt-override-class=\"{&quot;bt_bb_align_&quot;:{&quot;current_class&quot;:&quot;bt_bb_align_inherit&quot;,&quot;xl&quot;:&quot;inherit&quot;}}\"><h3 class=\"bt_bb_headline_tag\"><span class=\"bt_bb_headline_content\"><span>Makale ve Haber<\/span><\/span><\/h3><\/header><div class=\"bt_bb_separator bt_bb_bottom_spacing_normal bt_bb_border_style_none\"><\/div><header class=\"bt_bb_headline bt_bb_color_scheme_1 bt_bb_dash_none bt_bb_size_medium bt_bb_subheadline bt_bb_align_inherit btNoHeadline\" data-bt-override-class=\"{&quot;bt_bb_align_&quot;:{&quot;current_class&quot;:&quot;bt_bb_align_inherit&quot;,&quot;xl&quot;:&quot;inherit&quot;}}\"><div class=\"bt_bb_headline_subheadline\">&quot;Amac\u0131m\u0131z ; hukuki yard\u0131ma ihtiya\u00e7 duydu\u011funuz anda ula\u015f\u0131labilir olmak, sizin i\u00e7in konuyu do\u011fru \u015fekilde analiz etmek ve talep etti\u011finiz \u00e7\u00f6z\u00fcm\u00fc t\u00fcm detaylar\u0131n\u0131 ile sunabilmektir.&quot;<\/div><\/header><div class=\"bt_bb_separator bt_bb_bottom_spacing_medium bt_bb_border_style_none\"><\/div><\/div><\/div><\/div><div  class=\"bt_bb_column col-xl-2 bt_bb_align_left bt_bb_padding_normal\"  data-width=\"2\" data-bt-override-class=\"{}\"><div class=\"bt_bb_column_content bt_bb_vertical_align_top bt_bb_color_scheme_\"><div class=\"bt_bb_column_content_inner\"><\/div><\/div><\/div><\/div><\/div><\/div><\/div><\/div><\/section><section id=\"bt_bb_section69d7dd736f0d8\"  class=\"bt_bb_section bt_bb_top_spacing_large bt_bb_bottom_spacing_large bt_bb_layout_boxed_1200 bt_bb_vertical_align_top\" ><div class=\"bt_bb_port\"><div class=\"bt_bb_cell\"><div class=\"bt_bb_cell_inner\"><div class=\"bt_bb_row_wrapper\"><div  class=\"bt_bb_row\" ><div  class=\"bt_bb_column col-xl-12 bt_bb_align_left bt_bb_padding_normal\"  data-width=\"12\" data-bt-override-class=\"{}\"><div class=\"bt_bb_column_content bt_bb_vertical_align_top bt_bb_color_scheme_\"><div class=\"bt_bb_column_content_inner\"><div class=\"bt_bb_masonry_post_grid bt_bb_grid_container bt_bb_columns_3 bt_bb_gap_normal\" data-columns=\"3\"><div class=\"bt_bb_masonry_post_grid_content bt_bb_grid_hide\" data-bt-bb-masonry-post-grid-nonce=\"a1aa8441e7\" data-number=\"1000\" data-category=\"Makale ve Haber\" data-show=\"a%3A6%3A%7Bs%3A8%3A%22category%22%3Bb%3A0%3Bs%3A4%3A%22date%22%3Bb%3A0%3Bs%3A6%3A%22author%22%3Bb%3A0%3Bs%3A8%3A%22comments%22%3Bb%3A0%3Bs%3A7%3A%22excerpt%22%3Bb%3A1%3Bs%3A5%3A%22share%22%3Bb%3A1%3B%7D\" data-auto-loading=\"\"><div class=\"bt_bb_grid_sizer\"><\/div><\/div><div class=\"bt_bb_post_grid_loader\"><\/div><\/div><\/div><\/div><\/div><\/div><\/div><\/div><\/div><\/div><\/section><\/div>","protected":false},"excerpt":{"rendered":"","protected":false},"author":1,"featured_media":0,"parent":1200,"menu_order":0,"comment_status":"closed","ping_status":"closed","template":"","meta":[],"yoast_head":"<!-- This site is optimized with the Yoast SEO Premium plugin v15.9.1 - https:\/\/yoast.com\/wordpress\/plugins\/seo\/ -->\n<title>Makale ve Haber - Sabur Hukuk<\/title>\n<meta name=\"robots\" content=\"index, follow, max-snippet:-1, max-image-preview:large, max-video-preview:-1\" \/>\n<link rel=\"canonical\" href=\"https:\/\/saburhukuk.com.tr\/en\/makaleler\/makale-ve-haber\/\" \/>\n<meta property=\"og:locale\" content=\"en_GB\" \/>\n<meta property=\"og:type\" content=\"article\" \/>\n<meta property=\"og:title\" content=\"Makale ve Haber - Sabur Hukuk\" \/>\n<meta property=\"og:url\" content=\"https:\/\/saburhukuk.com.tr\/en\/makaleler\/makale-ve-haber\/\" \/>\n<meta property=\"og:site_name\" content=\"Sabur Hukuk\" \/>\n<meta property=\"article:publisher\" content=\"https:\/\/www.facebook.com\/saburhukuk\" \/>\n<meta name=\"twitter:card\" content=\"summary_large_image\" \/>\n<meta name=\"twitter:label1\" content=\"Estimated reading time\">\n\t<meta name=\"twitter:data1\" content=\"3 minutes\">\n<script type=\"application\/ld+json\" class=\"yoast-schema-graph\">{\"@context\":\"https:\/\/schema.org\",\"@graph\":[{\"@type\":\"Organization\",\"@id\":\"https:\/\/saburhukuk.com.tr\/#organization\",\"name\":\"Sabur Hukuk ve Dan\\u0131\\u015fmanl\\u0131k\",\"url\":\"https:\/\/saburhukuk.com.tr\/\",\"sameAs\":[\"https:\/\/www.facebook.com\/saburhukuk\",\"https:\/\/www.instagram.com\/saburhukuk\/\",\"https:\/\/www.linkedin.com\/in\/selen-sabur-a1889b213\/\"],\"logo\":{\"@type\":\"ImageObject\",\"@id\":\"https:\/\/saburhukuk.com.tr\/#logo\",\"inLanguage\":\"en-GB\",\"url\":\"https:\/\/saburhukuk.com.tr\/wp-content\/uploads\/2021\/07\/sabur-hukuk-.png\",\"width\":1080,\"height\":330,\"caption\":\"Sabur Hukuk ve Dan\\u0131\\u015fmanl\\u0131k\"},\"image\":{\"@id\":\"https:\/\/saburhukuk.com.tr\/#logo\"}},{\"@type\":\"WebSite\",\"@id\":\"https:\/\/saburhukuk.com.tr\/#website\",\"url\":\"https:\/\/saburhukuk.com.tr\/\",\"name\":\"Sabur Hukuk B\\u00fcrosu - Alanya Avukat\",\"description\":\"Alanya Avukat - Alanya Hukuk B\\u00fcrosu\",\"publisher\":{\"@id\":\"https:\/\/saburhukuk.com.tr\/#organization\"},\"potentialAction\":[{\"@type\":\"SearchAction\",\"target\":\"https:\/\/saburhukuk.com.tr\/?s={search_term_string}\",\"query-input\":\"required name=search_term_string\"}],\"inLanguage\":\"en-GB\"},{\"@type\":\"WebPage\",\"@id\":\"https:\/\/saburhukuk.com.tr\/makaleler\/makale-ve-haber\/#webpage\",\"url\":\"https:\/\/saburhukuk.com.tr\/makaleler\/makale-ve-haber\/\",\"name\":\"Makale ve Haber - Sabur Hukuk\",\"isPartOf\":{\"@id\":\"https:\/\/saburhukuk.com.tr\/#website\"},\"datePublished\":\"2021-10-12T16:55:16+00:00\",\"dateModified\":\"2021-10-12T16:55:16+00:00\",\"breadcrumb\":{\"@id\":\"https:\/\/saburhukuk.com.tr\/makaleler\/makale-ve-haber\/#breadcrumb\"},\"inLanguage\":\"en-GB\",\"potentialAction\":[{\"@type\":\"ReadAction\",\"target\":[\"https:\/\/saburhukuk.com.tr\/makaleler\/makale-ve-haber\/\"]}]},{\"@type\":\"BreadcrumbList\",\"@id\":\"https:\/\/saburhukuk.com.tr\/makaleler\/makale-ve-haber\/#breadcrumb\",\"itemListElement\":[{\"@type\":\"ListItem\",\"position\":1,\"item\":{\"@type\":\"WebPage\",\"@id\":\"https:\/\/saburhukuk.com.tr\/makaleler\/\",\"url\":\"https:\/\/saburhukuk.com.tr\/makaleler\/\",\"name\":\"Makaleler\"}},{\"@type\":\"ListItem\",\"position\":2,\"item\":{\"@type\":\"WebPage\",\"@id\":\"https:\/\/saburhukuk.com.tr\/makaleler\/makale-ve-haber\/\",\"url\":\"https:\/\/saburhukuk.com.tr\/makaleler\/makale-ve-haber\/\",\"name\":\"Makale ve Haber\"}}]}]}<\/script>\n<!-- \/ Yoast SEO Premium plugin. -->","_links":{"self":[{"href":"https:\/\/saburhukuk.com.tr\/en\/wp-json\/wp\/v2\/pages\/4101"}],"collection":[{"href":"https:\/\/saburhukuk.com.tr\/en\/wp-json\/wp\/v2\/pages"}],"about":[{"href":"https:\/\/saburhukuk.com.tr\/en\/wp-json\/wp\/v2\/types\/page"}],"author":[{"embeddable":true,"href":"https:\/\/saburhukuk.com.tr\/en\/wp-json\/wp\/v2\/users\/1"}],"replies":[{"embeddable":true,"href":"https:\/\/saburhukuk.com.tr\/en\/wp-json\/wp\/v2\/comments?post=4101"}],"version-history":[{"count":1,"href":"https:\/\/saburhukuk.com.tr\/en\/wp-json\/wp\/v2\/pages\/4101\/revisions"}],"predecessor-version":[{"id":4105,"href":"https:\/\/saburhukuk.com.tr\/en\/wp-json\/wp\/v2\/pages\/4101\/revisions\/4105"}],"up":[{"embeddable":true,"href":"https:\/\/saburhukuk.com.tr\/en\/wp-json\/wp\/v2\/pages\/1200"}],"wp:attachment":[{"href":"https:\/\/saburhukuk.com.tr\/en\/wp-json\/wp\/v2\/media?parent=4101"}],"curies":[{"name":"wp","href":"https:\/\/api.w.org\/{rel}","templated":true}]}}