{"id":3891,"date":"2021-08-04T00:41:21","date_gmt":"2021-08-03T21:41:21","guid":{"rendered":"http:\/\/saburhukuk.com\/?page_id=3891"},"modified":"2021-08-19T23:04:05","modified_gmt":"2021-08-19T20:04:05","slug":"alanya-bosanma-avukati","status":"publish","type":"page","link":"https:\/\/saburhukuk.com.tr\/en\/hizmetlerimiz\/alanya-bosanma-avukati\/","title":{"rendered":"Family Law"},"content":{"rendered":"<div class=\"bt_bb_wrapper\"><section id=\"bt_bb_section69e34b749493f\"  class=\"bt_bb_section bt_bb_top_spacing_large bt_bb_bottom_spacing_large bt_bb_color_scheme_10 bt_bb_layout_boxed_1200 bt_bb_vertical_align_top\" style=\";background-color:#0f1625;\"><div class=\"bt_bb_port\"><div class=\"bt_bb_cell\"><div class=\"bt_bb_cell_inner\"><div class=\"bt_bb_row_wrapper\"><div  class=\"bt_bb_row\" ><div  class=\"bt_bb_column col-xl-3 bt_bb_align_left bt_bb_padding_normal\"  data-width=\"3\" data-bt-override-class=\"{}\"><div class=\"bt_bb_column_content bt_bb_vertical_align_top bt_bb_color_scheme_\"><div class=\"bt_bb_column_content_inner\"><\/div><\/div><\/div><div  class=\"bt_bb_column col-xl-6 bt_bb_align_center bt_bb_padding_50 bt_bb_animation_fade_in animate\"  data-width=\"6\" data-bt-override-class=\"{}\"><div class=\"bt_bb_column_content bt_bb_vertical_align_middle bt_bb_color_scheme_\"><div class=\"bt_bb_column_content_inner\"><div class=\"bt_bb_separator bt_bb_bottom_spacing_medium bt_bb_border_style_none bt_bb_hidden_xs bt_bb_hidden_ms bt_bb_hidden_sm\"><\/div><header class=\"bt_bb_headline bt_bb_color_scheme_6 bt_bb_dash_none bt_bb_size_extralarge bt_bb_superheadline bt_bb_align_inherit\" data-bt-override-class=\"{&quot;bt_bb_align_&quot;:{&quot;current_class&quot;:&quot;bt_bb_align_inherit&quot;,&quot;xl&quot;:&quot;inherit&quot;}}\"><h2 class=\"bt_bb_headline_tag\"><span class=\"bt_bb_headline_superheadline\">Alanya Divorce Lawyer<\/span><span class=\"bt_bb_headline_content\"><span>Alanya Family Law<\/span><\/span><\/h2><\/header><div class=\"bt_bb_separator bt_bb_bottom_spacing_medium bt_bb_border_style_none bt_bb_hidden_xs bt_bb_hidden_ms bt_bb_hidden_sm\"><\/div><\/div><\/div><\/div><div  class=\"bt_bb_column col-xl-3 bt_bb_align_left bt_bb_padding_normal\"  data-width=\"3\" data-bt-override-class=\"{}\"><div class=\"bt_bb_column_content bt_bb_vertical_align_top bt_bb_color_scheme_\"><div class=\"bt_bb_column_content_inner\"><\/div><\/div><\/div><\/div><\/div><\/div><\/div><\/div><\/section><section id=\"bt_bb_section69e34b7494e4e\"  class=\"bt_bb_section bt_bb_top_spacing_large bt_bb_bottom_spacing_medium bt_bb_layout_boxed_1200 bt_bb_vertical_align_top bt_bb_hidden_xs bt_bb_hidden_ms bt_bb_hidden_sm bt_bb_negative_margin_large\" ><div class=\"bt_bb_port\"><div class=\"bt_bb_cell\"><div class=\"bt_bb_cell_inner\"><div class=\"bt_bb_row_wrapper\"><div  class=\"bt_bb_row bt_bb_layout_special btOverlapRight\" ><div  class=\"bt_bb_column col-xl-12 bt_bb_align_center bt_bb_icon_color_scheme_6 bt_bb_padding_normal bt_bb_animation_fade_in animate\" style=\"; --column-icon-primary-color:#ffffff; --column-icon-secondary-color:#B07C4B;\" data-width=\"12\" data-bt-override-class=\"{}\"><div class=\"bt_bb_column_content bt_bb_vertical_align_top bt_bb_color_scheme_\"><div class=\"bt_bb_column_content_inner\"><div class=\"bt_bb_separator bt_bb_top_spacing_normal bt_bb_bottom_spacing_normal bt_bb_border_style_none bt_bb_hidden_xs bt_bb_hidden_ms bt_bb_hidden_sm\"><\/div><header class=\"bt_bb_headline bt_bb_color_scheme_14 bt_bb_dash_none bt_bb_size_normal bt_bb_align_inherit\" data-bt-override-class=\"{&quot;bt_bb_align_&quot;:{&quot;current_class&quot;:&quot;bt_bb_align_inherit&quot;,&quot;xl&quot;:&quot;inherit&quot;}}\"><h3 class=\"bt_bb_headline_tag\"><span class=\"bt_bb_headline_content\"><span>Family Law Counsulting<\/span><\/span><\/h3><\/header><div class=\"bt_bb_separator bt_bb_bottom_spacing_normal bt_bb_border_style_none\"><\/div><div  class=\"bt_bb_text\" ><p class=\"m18c-entry\" style=\"text-align: center;\">With our experts lawyers in Family and Divorce Law, we offer effective and fast solutions to our clients in cases of disputes between spouses and litigation processes.<\/p>\n<p style=\"text-align: center;\">As Sabur Law and Consultancy, we are engaged in the resolution of disputes arising from family law in court on issues such as engagement, disengagement, marriage, contractual and contentious divorce, alimony obligations, custody, property regimes between spouses, kinship, lineage, adoption, child property, family property and guardianship. We offer consultancy and litigation support to all our clients.<\/p>\n<p style=\"text-align: center;\"><a href=\"https:\/\/www.mevzuat.gov.tr\/MevzuatMetin\/1.5.4721.pdf\">We manage<\/a> the divorce litigation process in a way that protects the privacy of our clients' private lives in accordance with Civil code and international agreements.<\/p>\n<\/div><div class=\"bt_bb_separator bt_bb_top_spacing_small bt_bb_bottom_spacing_normal bt_bb_border_style_none\"><\/div><div class=\"bt_bb_button bt_bb_color_scheme_3 bt_bb_style_clean bt_bb_size_large bt_bb_width_inline bt_bb_shape_inherit bt_bb_align_inherit\" style=\"; --button-primary-color:#B07C4B; --button-secondary-color:#191919;\" data-bt-override-class=\"{}\"><a href=\"\/en\/get-quote\/\" target=\"_self\" class=\"bt_bb_link\" title=\"Contact\"><span class=\"bt_bb_button_text\">Contact<\/span><\/a><\/div><\/div><\/div><\/div><\/div><\/div><\/div><\/div><\/div><\/section><section id=\"bt_bb_section69e34b7495ab3\"  class=\"bt_bb_section bt_bb_bottom_spacing_large bt_bb_layout_boxed_1200 bt_bb_vertical_align_top\" ><div class=\"bt_bb_port\"><div class=\"bt_bb_cell\"><div class=\"bt_bb_cell_inner\"><div class=\"bt_bb_row_wrapper\"><div  class=\"bt_bb_row\" ><div  class=\"bt_bb_column col-xl-6 bt_bb_align_left bt_bb_padding_normal bt_bb_animation_fade_in animate\"  data-width=\"6\" data-bt-override-class=\"{}\"><div class=\"bt_bb_column_content bt_bb_vertical_align_top bt_bb_color_scheme_\"><div class=\"bt_bb_column_content_inner\"><div class=\"bt_bb_separator bt_bb_top_spacing_small bt_bb_bottom_spacing_small bt_bb_border_style_none bt_bb_hidden_md bt_bb_hidden_lg\"><\/div><header class=\"bt_bb_headline bt_bb_color_scheme_14 bt_bb_dash_none bt_bb_size_medium bt_bb_align_inherit\" data-bt-override-class=\"{&quot;bt_bb_align_&quot;:{&quot;current_class&quot;:&quot;bt_bb_align_inherit&quot;,&quot;xl&quot;:&quot;inherit&quot;}}\"><h3 class=\"bt_bb_headline_tag\"><span class=\"bt_bb_headline_content\"><span>Our Legal Solutions<\/span><\/span><\/h3><\/header><div class=\"bt_bb_separator bt_bb_top_spacing_extra_small bt_bb_bottom_spacing_small bt_bb_border_style_none\"><\/div><div  class=\"bt_bb_text\" ><p>Experienced divorce lawyer in Alanya Selen Sabur provides services as Divorce Lawyer for those who are looking for the Best Divorce Lawyer in Alanya.<\/p>\n<p><a href=\"https:\/\/saburhukuk.com.tr\/en\/alanya-avukat-selen-sabur\/\"><strong>Alanya Divorce Lawyer<\/strong><\/a>\u00a0offers you next services:<\/p>\n<p>+ Alanya Divorce cases<br \/>\n+ Alanya custody cases<br \/>\n+ Alanya Compensation and alimony cases<br \/>\n+ Alanya paternity case<br \/>\n+ Alanya Children's property management<br \/>\n+ Alanya Domestic violence cases<br \/>\n+ Alanya Personal Rights assault cases<br \/>\n+ Alanya Family residence and applications<br \/>\n+ Cases arising from Law No. 4320 on protection of family in Alanya<br \/>\n+ Alanya Property partnership, separation, property regimes<br \/>\n+ Legal purchasing rights of spouses in Alanya Property regime<br \/>\n+ Alanya Inheritance denial cases<\/p>\n<\/div><div class=\"bt_bb_separator bt_bb_bottom_spacing_normal bt_bb_border_style_none bt_bb_hidden_md bt_bb_hidden_lg\"><\/div><\/div><\/div><\/div><div  class=\"bt_bb_column col-xl-6 bt_bb_align_left bt_bb_padding_normal\"  data-width=\"6\" data-bt-override-class=\"{}\"><div class=\"bt_bb_column_content bt_bb_vertical_align_top bt_bb_color_scheme_\"><div class=\"bt_bb_column_content_inner\"><div class=\"bt_bb_separator bt_bb_top_spacing_small bt_bb_bottom_spacing_small bt_bb_border_style_none bt_bb_hidden_md bt_bb_hidden_lg\"><\/div><div class=\"bt_bb_image bt_bb_shape_square bt_bb_align_inherit bt_bb_hover_style_simple bt_bb_content_display_always bt_bb_content_align_middle\" data-bt-override-class=\"{&quot;bt_bb_align_&quot;:{&quot;current_class&quot;:&quot;bt_bb_align_inherit&quot;,&quot;xl&quot;:&quot;inherit&quot;}}\"><span><img width=\"640\" height=\"400\" src=\"https:\/\/saburhukuk.com.tr\/wp-content\/uploads\/2019\/11\/post_11-1-640x400.jpg\" class=\"attachment-boldthemes_medium size-boldthemes_medium\" alt=\"https:\/\/saburhukuk.com.tr\/wp-content\/uploads\/2019\/11\/post_11-1-640x400.jpg\" loading=\"lazy\" data-full_image_src=\"https:\/\/saburhukuk.com.tr\/wp-content\/uploads\/2019\/11\/post_11-1.jpg\" title=\"post_11\" srcset=\"https:\/\/saburhukuk.com.tr\/wp-content\/uploads\/2019\/11\/post_11-1-640x400.jpg 640w, https:\/\/saburhukuk.com.tr\/wp-content\/uploads\/2019\/11\/post_11-1-1280x800.jpg 1280w, https:\/\/saburhukuk.com.tr\/wp-content\/uploads\/2019\/11\/post_11-1-768x480.jpg 768w, https:\/\/saburhukuk.com.tr\/wp-content\/uploads\/2019\/11\/post_11-1-1536x960.jpg 1536w, https:\/\/saburhukuk.com.tr\/wp-content\/uploads\/2019\/11\/post_11-1-320x200.jpg 320w, https:\/\/saburhukuk.com.tr\/wp-content\/uploads\/2019\/11\/post_11-1.jpg 1920w\" sizes=\"(max-width: 640px) 100vw, 640px\" \/><\/span><\/div><\/div><\/div><\/div><\/div><\/div><\/div><\/div><\/div><\/section><section id=\"bt_bb_section69e34b749701c\"  class=\"bt_bb_section bt_bb_layout_wide bt_bb_vertical_align_top\" ><div class=\"bt_bb_port\"><div class=\"bt_bb_cell\"><div class=\"bt_bb_cell_inner\"><div class=\"bt_bb_row_wrapper\"><div  class=\"bt_bb_row bt_bb_layout_special btOverlapRight\" ><div  class=\"bt_bb_column col-xl-6 bt_bb_align_right bt_bb_padding_normal bt_bb_animation_fade_in animate\"  data-width=\"6\" data-bt-override-class=\"{}\"><div class=\"bt_bb_column_content bt_bb_vertical_align_top bt_bb_color_scheme_ bt_bb_column_background_image\" style=\"background-image:url(&#039;https:\/\/saburhukuk.com.tr\/wp-content\/uploads\/2019\/11\/inner_background_02-1.jpg&#039;);\"><div class=\"bt_bb_column_content_inner\"><div class=\"bt_bb_separator bt_bb_bottom_spacing_130 bt_bb_border_style_none\"><\/div><header class=\"bt_bb_headline bt_bb_color_scheme_6 bt_bb_dash_none bt_bb_size_medium bt_bb_superheadline bt_bb_align_inherit\" data-bt-override-class=\"{&quot;bt_bb_align_&quot;:{&quot;current_class&quot;:&quot;bt_bb_align_inherit&quot;,&quot;xl&quot;:&quot;inherit&quot;}}\"><h3 class=\"bt_bb_headline_tag\"><span class=\"bt_bb_headline_superheadline\">SABUR LAW AND CONSULTANCY<\/span><span class=\"bt_bb_headline_content\"><span><strong>Call us, <\/strong>send an e-mail<strong> or leave a message <\/strong><\/span><\/span><\/h3><\/header><div class=\"bt_bb_separator bt_bb_bottom_spacing_50 bt_bb_border_style_none\"><\/div><div class=\"bt_bb_button bt_bb_color_scheme_6 bt_bb_icon_color_scheme_6 bt_bb_style_outline bt_bb_size_large bt_bb_width_inline bt_bb_shape_square bt_bb_align_inherit btWithIcon\" style=\"; --button-primary-color:#ffffff; --button-secondary-color:#B07C4B;; --button-icon-primary-color:#ffffff; --button-icon-secondary-color:#B07C4B;\" data-bt-override-class=\"{}\"><a href=\"tel:+905522240841\" target=\"_self\" class=\"bt_bb_link\" title=\"+90 552 224 08 41\"><div class=\"bt_bb_icon\"><span  data-ico-icon7stroke=\"&#xe670;\" class=\"bt_bb_icon_holder\"><\/span><\/div><div class=\"bt_bb_link\"><span class=\"bt_bb_button_text\">+90 552 224 08 41<\/span><\/div><\/a><\/div><\/div><\/div><\/div><div  class=\"bt_bb_column col-xl-6 btWithIcon bt_bb_align_left bt_bb_icon_color_scheme_6 bt_bb_padding_normal bt_bb_animation_fade_in animate\" style=\"; --column-icon-primary-color:#ffffff; --column-icon-secondary-color:#B07C4B;\" data-width=\"6\" data-bt-override-class=\"{}\"><div class=\"bt_bb_column_content bt_bb_vertical_align_top bt_bb_color_scheme_\"><div class=\"bt_bb_column_icon\"><span  data-ico-icon7stroke=\"&#xe62c;\" class=\"bt_bb_icon_holder\"><\/span><\/div><div class=\"bt_bb_column_content_inner\"><header class=\"bt_bb_headline bt_bb_color_scheme_14 bt_bb_dash_none bt_bb_size_medium bt_bb_align_inherit\" data-bt-override-class=\"{&quot;bt_bb_align_&quot;:{&quot;current_class&quot;:&quot;bt_bb_align_inherit&quot;,&quot;xl&quot;:&quot;inherit&quot;}}\"><h3 class=\"bt_bb_headline_tag\"><span class=\"bt_bb_headline_content\"><span>Let us call you<\/span><\/span><\/h3><\/header><div class=\"bt_bb_separator bt_bb_bottom_spacing_normal bt_bb_border_style_none\"><\/div><div class=\"bt_bb_contact_form_7\"><div role=\"form\" class=\"wpcf7\" id=\"wpcf7-f2212-o1\" lang=\"en-US\" dir=\"ltr\">\n<div class=\"screen-reader-response\"><p role=\"status\" aria-live=\"polite\" aria-atomic=\"true\"><\/p> <ul><\/ul><\/div>\n<form action=\"\/en\/wp-json\/wp\/v2\/pages\/3891#wpcf7-f2212-o1\" method=\"post\" class=\"wpcf7-form init\" novalidate=\"novalidate\" data-status=\"init\" data-trp-original-action=\"\/en\/wp-json\/wp\/v2\/pages\/3891#wpcf7-f2212-o1\">\n<div style=\"display: none;\">\n<input type=\"hidden\" name=\"_wpcf7\" value=\"2212\" \/>\n<input type=\"hidden\" name=\"_wpcf7_version\" value=\"5.4.2\" \/>\n<input type=\"hidden\" name=\"_wpcf7_locale\" value=\"en_US\" \/>\n<input type=\"hidden\" name=\"_wpcf7_unit_tag\" value=\"wpcf7-f2212-o1\" \/>\n<input type=\"hidden\" name=\"_wpcf7_container_post\" value=\"0\" \/>\n<input type=\"hidden\" name=\"_wpcf7_posted_data_hash\" value=\"\" \/>\n<\/div>\n<div class=\"btForm\">\n<div class=\"btFormRow btFlex\">\n<div class=\"btFormColumn\"><span class=\"wpcf7-form-control-wrap your-name\"><input type=\"text\" name=\"your-name\" value=\"\" size=\"40\" class=\"wpcf7-form-control wpcf7-text wpcf7-validates-as-required\" aria-required=\"true\" aria-invalid=\"false\" placeholder=\"Name*\" \/><\/span><\/div>\n<div class=\"btFormColumn\"><span class=\"wpcf7-form-control-wrap your-email\"><input type=\"email\" name=\"your-email\" value=\"\" size=\"40\" class=\"wpcf7-form-control wpcf7-text wpcf7-email wpcf7-validates-as-required wpcf7-validates-as-email\" aria-required=\"true\" aria-invalid=\"false\" placeholder=\"E-mail*\" \/><\/span><\/div>\n<\/div>\n<div class=\"btFormRow\">\n<div class=\"btFormColumn\"><span class=\"wpcf7-form-control-wrap your-tel\"><input type=\"tel\" name=\"your-tel\" value=\"\" size=\"40\" class=\"wpcf7-form-control wpcf7-text wpcf7-tel wpcf7-validates-as-tel\" aria-invalid=\"false\" placeholder=\"Telephone\" \/><\/span><\/div>\n<\/div>\n<div class=\"btFormRow\">\n<div class=\"btFormColumn\"><span class=\"wpcf7-form-control-wrap your-service\"><select name=\"your-service\" class=\"wpcf7-form-control wpcf7-select wpcf7-validates-as-required\" aria-required=\"true\" aria-invalid=\"false\"><option value=\"\">---<\/option><option value=\"Family Law\">Family Law<\/option><option value=\"Marriage Agreements\">Marriage Agreements<\/option><option value=\"Financial Settlements\">Financial Settlements<\/option><\/select><\/span><\/div>\n<\/div>\n<div class=\"btFormRow\">\n<div class=\"btFormColumn\"><span class=\"wpcf7-form-control-wrap your-message\"><textarea name=\"your-message\" cols=\"40\" rows=\"10\" class=\"wpcf7-form-control wpcf7-textarea wpcf7-validates-as-required\" aria-required=\"true\" aria-invalid=\"false\" placeholder=\"Details*\"><\/textarea><\/span><\/div>\n<\/div>\n<div class=\"btFormButton\"><input type=\"submit\" value=\"SUBMIT\" class=\"wpcf7-form-control wpcf7-submit\" \/><\/div>\n<\/div>\n<div class=\"wpcf7-response-output\" aria-hidden=\"true\"><\/div><input type=\"hidden\" name=\"trp-form-language\" value=\"en\"\/><\/form><\/div><\/div><\/div><\/div><\/div><\/div><\/div><\/div><\/div><\/div><\/section><\/div>","protected":false},"excerpt":{"rendered":"","protected":false},"author":1,"featured_media":0,"parent":2083,"menu_order":0,"comment_status":"closed","ping_status":"closed","template":"","meta":[],"yoast_head":"<!-- This site is optimized with the Yoast SEO Premium plugin v15.9.1 - https:\/\/yoast.com\/wordpress\/plugins\/seo\/ -->\n<title>Aile Hukuku - Sabur Hukuk - Alanya Bo\u015fanma Avukat\u0131 - Alanya Avukat<\/title>\n<meta name=\"description\" content=\"Alanya Bo\u015fanma Avukat\u0131 - Alanya Aile Hukuku Avukat\u0131 - Alanya &#039;da Bo\u015fanma Davalar\u0131na Bakan Avukatlar - Alanya Hukuk B\u00fcrosu - Alanya Bo\u015fanma\" \/>\n<meta name=\"robots\" content=\"index, follow, max-snippet:-1, max-image-preview:large, max-video-preview:-1\" \/>\n<link rel=\"canonical\" href=\"https:\/\/saburhukuk.com.tr\/en\/hizmetlerimiz\/alanya-bosanma-avukati\/\" \/>\n<meta property=\"og:locale\" content=\"en_GB\" \/>\n<meta property=\"og:type\" content=\"article\" \/>\n<meta property=\"og:title\" content=\"Aile Hukuku - Sabur Hukuk - Alanya Bo\u015fanma Avukat\u0131 - Alanya Avukat\" \/>\n<meta property=\"og:description\" content=\"Alanya Bo\u015fanma Avukat\u0131 - Alanya Aile Hukuku Avukat\u0131 - Alanya &#039;da Bo\u015fanma Davalar\u0131na Bakan Avukatlar - Alanya Hukuk B\u00fcrosu - Alanya Bo\u015fanma\" \/>\n<meta property=\"og:url\" content=\"https:\/\/saburhukuk.com.tr\/en\/hizmetlerimiz\/alanya-bosanma-avukati\/\" \/>\n<meta property=\"og:site_name\" content=\"Sabur Hukuk\" \/>\n<meta property=\"article:publisher\" content=\"https:\/\/www.facebook.com\/saburhukuk\" \/>\n<meta property=\"article:modified_time\" content=\"2021-08-19T20:04:05+00:00\" \/>\n<meta name=\"twitter:card\" content=\"summary_large_image\" \/>\n<meta name=\"twitter:label1\" content=\"Estimated reading time\">\n\t<meta name=\"twitter:data1\" content=\"5 minutes\">\n<script type=\"application\/ld+json\" class=\"yoast-schema-graph\">{\"@context\":\"https:\/\/schema.org\",\"@graph\":[{\"@type\":\"Organization\",\"@id\":\"https:\/\/saburhukuk.com.tr\/#organization\",\"name\":\"Sabur Hukuk ve Dan\\u0131\\u015fmanl\\u0131k\",\"url\":\"https:\/\/saburhukuk.com.tr\/\",\"sameAs\":[\"https:\/\/www.facebook.com\/saburhukuk\",\"https:\/\/www.instagram.com\/saburhukuk\/\",\"https:\/\/www.linkedin.com\/in\/selen-sabur-a1889b213\/\"],\"logo\":{\"@type\":\"ImageObject\",\"@id\":\"https:\/\/saburhukuk.com.tr\/#logo\",\"inLanguage\":\"en-GB\",\"url\":\"https:\/\/saburhukuk.com.tr\/wp-content\/uploads\/2021\/07\/sabur-hukuk-.png\",\"width\":1080,\"height\":330,\"caption\":\"Sabur Hukuk ve Dan\\u0131\\u015fmanl\\u0131k\"},\"image\":{\"@id\":\"https:\/\/saburhukuk.com.tr\/#logo\"}},{\"@type\":\"WebSite\",\"@id\":\"https:\/\/saburhukuk.com.tr\/#website\",\"url\":\"https:\/\/saburhukuk.com.tr\/\",\"name\":\"Sabur Hukuk B\\u00fcrosu - Alanya Avukat\",\"description\":\"Alanya Avukat - Alanya Hukuk B\\u00fcrosu\",\"publisher\":{\"@id\":\"https:\/\/saburhukuk.com.tr\/#organization\"},\"potentialAction\":[{\"@type\":\"SearchAction\",\"target\":\"https:\/\/saburhukuk.com.tr\/?s={search_term_string}\",\"query-input\":\"required name=search_term_string\"}],\"inLanguage\":\"en-GB\"},{\"@type\":\"WebPage\",\"@id\":\"https:\/\/saburhukuk.com.tr\/hizmetlerimiz\/alanya-bosanma-avukati\/#webpage\",\"url\":\"https:\/\/saburhukuk.com.tr\/hizmetlerimiz\/alanya-bosanma-avukati\/\",\"name\":\"Aile Hukuku - Sabur Hukuk - Alanya Bo\\u015fanma Avukat\\u0131 - Alanya Avukat\",\"isPartOf\":{\"@id\":\"https:\/\/saburhukuk.com.tr\/#website\"},\"datePublished\":\"2021-08-03T21:41:21+00:00\",\"dateModified\":\"2021-08-19T20:04:05+00:00\",\"description\":\"Alanya Bo\\u015fanma Avukat\\u0131 - Alanya Aile Hukuku Avukat\\u0131 - Alanya 'da Bo\\u015fanma Davalar\\u0131na Bakan Avukatlar - Alanya Hukuk B\\u00fcrosu - Alanya Bo\\u015fanma\",\"breadcrumb\":{\"@id\":\"https:\/\/saburhukuk.com.tr\/hizmetlerimiz\/alanya-bosanma-avukati\/#breadcrumb\"},\"inLanguage\":\"en-GB\",\"potentialAction\":[{\"@type\":\"ReadAction\",\"target\":[\"https:\/\/saburhukuk.com.tr\/hizmetlerimiz\/alanya-bosanma-avukati\/\"]}]},{\"@type\":\"BreadcrumbList\",\"@id\":\"https:\/\/saburhukuk.com.tr\/hizmetlerimiz\/alanya-bosanma-avukati\/#breadcrumb\",\"itemListElement\":[{\"@type\":\"ListItem\",\"position\":1,\"item\":{\"@type\":\"WebPage\",\"@id\":\"https:\/\/saburhukuk.com.tr\/hizmetlerimiz\/\",\"url\":\"https:\/\/saburhukuk.com.tr\/hizmetlerimiz\/\",\"name\":\"Hizmetlerimiz\"}},{\"@type\":\"ListItem\",\"position\":2,\"item\":{\"@type\":\"WebPage\",\"@id\":\"https:\/\/saburhukuk.com.tr\/hizmetlerimiz\/alanya-bosanma-avukati\/\",\"url\":\"https:\/\/saburhukuk.com.tr\/hizmetlerimiz\/alanya-bosanma-avukati\/\",\"name\":\"Aile Hukuku\"}}]}]}<\/script>\n<!-- \/ Yoast SEO Premium plugin. -->","_links":{"self":[{"href":"https:\/\/saburhukuk.com.tr\/en\/wp-json\/wp\/v2\/pages\/3891"}],"collection":[{"href":"https:\/\/saburhukuk.com.tr\/en\/wp-json\/wp\/v2\/pages"}],"about":[{"href":"https:\/\/saburhukuk.com.tr\/en\/wp-json\/wp\/v2\/types\/page"}],"author":[{"embeddable":true,"href":"https:\/\/saburhukuk.com.tr\/en\/wp-json\/wp\/v2\/users\/1"}],"replies":[{"embeddable":true,"href":"https:\/\/saburhukuk.com.tr\/en\/wp-json\/wp\/v2\/comments?post=3891"}],"version-history":[{"count":0,"href":"https:\/\/saburhukuk.com.tr\/en\/wp-json\/wp\/v2\/pages\/3891\/revisions"}],"up":[{"embeddable":true,"href":"https:\/\/saburhukuk.com.tr\/en\/wp-json\/wp\/v2\/pages\/2083"}],"wp:attachment":[{"href":"https:\/\/saburhukuk.com.tr\/en\/wp-json\/wp\/v2\/media?parent=3891"}],"curies":[{"name":"wp","href":"https:\/\/api.w.org\/{rel}","templated":true}]}}