{"id":3887,"date":"2021-08-04T00:35:46","date_gmt":"2021-08-03T21:35:46","guid":{"rendered":"http:\/\/saburhukuk.com\/?page_id=3887"},"modified":"2021-08-06T14:51:47","modified_gmt":"2021-08-06T11:51:47","slug":"yabancilar-ve-vatandaslik-hukuku","status":"publish","type":"page","link":"https:\/\/saburhukuk.com.tr\/en\/hizmetlerimiz\/yabancilar-ve-vatandaslik-hukuku\/","title":{"rendered":"Foreigners and Citizenship Law"},"content":{"rendered":"<div class=\"bt_bb_wrapper\"><section id=\"bt_bb_section69d7dd83a2f6b\"  class=\"bt_bb_section bt_bb_top_spacing_large bt_bb_bottom_spacing_large bt_bb_color_scheme_10 bt_bb_layout_boxed_1200 bt_bb_vertical_align_top\" style=\";background-color:#0f1625;\"><div class=\"bt_bb_port\"><div class=\"bt_bb_cell\"><div class=\"bt_bb_cell_inner\"><div class=\"bt_bb_row_wrapper\"><div  class=\"bt_bb_row\" ><div  class=\"bt_bb_column col-xl-3 bt_bb_align_left bt_bb_padding_normal\"  data-width=\"3\" data-bt-override-class=\"{}\"><div class=\"bt_bb_column_content bt_bb_vertical_align_top bt_bb_color_scheme_\"><div class=\"bt_bb_column_content_inner\"><\/div><\/div><\/div><div  class=\"bt_bb_column col-xl-6 bt_bb_align_center bt_bb_padding_50 bt_bb_animation_fade_in animate\"  data-width=\"6\" data-bt-override-class=\"{}\"><div class=\"bt_bb_column_content bt_bb_vertical_align_middle bt_bb_color_scheme_\"><div class=\"bt_bb_column_content_inner\"><div class=\"bt_bb_separator bt_bb_bottom_spacing_medium bt_bb_border_style_none bt_bb_hidden_xs bt_bb_hidden_ms bt_bb_hidden_sm\"><\/div><header class=\"bt_bb_headline bt_bb_color_scheme_6 bt_bb_dash_none bt_bb_size_extralarge bt_bb_superheadline bt_bb_align_inherit\" data-bt-override-class=\"{&quot;bt_bb_align_&quot;:{&quot;current_class&quot;:&quot;bt_bb_align_inherit&quot;,&quot;xl&quot;:&quot;inherit&quot;}}\"><h2 class=\"bt_bb_headline_tag\"><span class=\"bt_bb_headline_superheadline\">Alanya Lawyers<\/span><span class=\"bt_bb_headline_content\"><span>Alanya Foreigners and Citizenship Law<\/span><\/span><\/h2><\/header><div class=\"bt_bb_separator bt_bb_bottom_spacing_medium bt_bb_border_style_none bt_bb_hidden_xs bt_bb_hidden_ms bt_bb_hidden_sm\"><\/div><\/div><\/div><\/div><div  class=\"bt_bb_column col-xl-3 bt_bb_align_left bt_bb_padding_normal\"  data-width=\"3\" data-bt-override-class=\"{}\"><div class=\"bt_bb_column_content bt_bb_vertical_align_top bt_bb_color_scheme_\"><div class=\"bt_bb_column_content_inner\"><\/div><\/div><\/div><\/div><\/div><\/div><\/div><\/div><\/section><section id=\"bt_bb_section69d7dd83a35aa\"  class=\"bt_bb_section bt_bb_top_spacing_large bt_bb_bottom_spacing_medium bt_bb_layout_boxed_1200 bt_bb_vertical_align_top bt_bb_negative_margin_large\" ><div class=\"bt_bb_port\"><div class=\"bt_bb_cell\"><div class=\"bt_bb_cell_inner\"><div class=\"bt_bb_row_wrapper\"><div  class=\"bt_bb_row bt_bb_layout_special btOverlapRight\" ><div  class=\"bt_bb_column col-xl-12 bt_bb_align_center bt_bb_icon_color_scheme_6 bt_bb_padding_normal bt_bb_animation_fade_in animate\" style=\"; --column-icon-primary-color:#ffffff; --column-icon-secondary-color:#B07C4B;\" data-width=\"12\" data-bt-override-class=\"{}\"><div class=\"bt_bb_column_content bt_bb_vertical_align_top bt_bb_color_scheme_\"><div class=\"bt_bb_column_content_inner\"><div class=\"bt_bb_separator bt_bb_top_spacing_normal bt_bb_bottom_spacing_normal bt_bb_border_style_none\"><\/div><header class=\"bt_bb_headline bt_bb_color_scheme_14 bt_bb_dash_none bt_bb_size_normal bt_bb_align_inherit\" data-bt-override-class=\"{&quot;bt_bb_align_&quot;:{&quot;current_class&quot;:&quot;bt_bb_align_inherit&quot;,&quot;xl&quot;:&quot;inherit&quot;}}\"><h3 class=\"bt_bb_headline_tag\"><span class=\"bt_bb_headline_content\"><span>Foreigners and Citizenship Law<\/span><\/span><\/h3><\/header><div class=\"bt_bb_separator bt_bb_bottom_spacing_normal bt_bb_border_style_none\"><\/div><div  class=\"bt_bb_text\" ><p style=\"text-align: center;\">Foreigners and citizenship law refers to legal rules of a state or country applied to foreign nationals coming this country. Foreigners and citizenship law, which is one of sub-branches of law and one of services offered by Sabur Law Office. Various rules are applied to foreigners in Turkey within the scope of foreigners and citizenship law, which is based on principle of reciprocity. Foreign nationals who do not comply with these rules and laws are prosecuted before the law. Because the legal rules applied to foreigners in our country and legal rules applied to Turkish citizens differ from each other.<\/p>\n<p style=\"text-align: center;\">Entry of foreign nationals into Turkey, the time they spend in Turkey and their exit from Turkey, as well as the protections afforded to militants seeking protection from Turkey - Law 6458 on Foreigners and International Protection was adopted in 2013.<\/p>\n<\/div><div class=\"bt_bb_separator bt_bb_top_spacing_small bt_bb_bottom_spacing_normal bt_bb_border_style_none\"><\/div><div class=\"bt_bb_button bt_bb_color_scheme_3 bt_bb_style_clean bt_bb_size_large bt_bb_width_inline bt_bb_shape_inherit bt_bb_align_inherit\" style=\"; --button-primary-color:#B07C4B; --button-secondary-color:#191919;\" data-bt-override-class=\"{}\"><a href=\"\/en\/get-quote\/\" target=\"_self\" class=\"bt_bb_link\" title=\"Contact\"><span class=\"bt_bb_button_text\">Contact<\/span><\/a><\/div><\/div><\/div><\/div><\/div><\/div><\/div><\/div><\/div><\/section><section id=\"bt_bb_section69d7dd83a71fa\"  class=\"bt_bb_section bt_bb_bottom_spacing_large bt_bb_layout_boxed_1200 bt_bb_vertical_align_top\" ><div class=\"bt_bb_port\"><div class=\"bt_bb_cell\"><div class=\"bt_bb_cell_inner\"><div class=\"bt_bb_row_wrapper\"><div  class=\"bt_bb_row\" ><div  class=\"bt_bb_column col-xl-6 bt_bb_align_left bt_bb_padding_normal bt_bb_animation_fade_in animate\"  data-width=\"6\" data-bt-override-class=\"{}\"><div class=\"bt_bb_column_content bt_bb_vertical_align_top bt_bb_color_scheme_\"><div class=\"bt_bb_column_content_inner\"><header class=\"bt_bb_headline bt_bb_color_scheme_14 bt_bb_dash_none bt_bb_size_medium bt_bb_align_inherit\" data-bt-override-class=\"{&quot;bt_bb_align_&quot;:{&quot;current_class&quot;:&quot;bt_bb_align_inherit&quot;,&quot;xl&quot;:&quot;inherit&quot;}}\"><h3 class=\"bt_bb_headline_tag\"><span class=\"bt_bb_headline_content\"><span>Scope of Foreigners and Citizenship Law<\/span><\/span><\/h3><\/header><div class=\"bt_bb_separator bt_bb_bottom_spacing_normal bt_bb_border_style_none\"><\/div><div  class=\"bt_bb_text\" ><p>A foreigner is people who are not citizens of our country. In this context, all legal processes related to foreign natural persons are assessed within the framework of the law on citizenship. The civil bond arises as a problem related to the obligations and rights of persons who travel to another country from their country of origin. In this context, states decide which foreign nationals to accept under these laws. However, it should be noted that states impose restrictions on the rights of foreign citizens. Laws on Foreigners is based are as follows.<\/p>\n<ul>\n<li>Passport law<\/li>\n<li>Law on work permits of foreigners<\/li>\n<li>Fee law<\/li>\n<li>Settlement law<\/li>\n<li>Foreign direct investment law<\/li>\n<li>Turkish citizenship law<\/li>\n<\/ul>\n<\/div><div class=\"bt_bb_separator bt_bb_bottom_spacing_normal bt_bb_border_style_none bt_bb_hidden_md bt_bb_hidden_lg\"><\/div><\/div><\/div><\/div><div  class=\"bt_bb_column col-xl-6 bt_bb_align_left bt_bb_padding_normal bt_bb_animation_fade_in animate\"  data-width=\"6\" data-bt-override-class=\"{}\"><div class=\"bt_bb_column_content bt_bb_vertical_align_top bt_bb_color_scheme_\"><div class=\"bt_bb_column_content_inner\"><header class=\"bt_bb_headline bt_bb_color_scheme_14 bt_bb_dash_none bt_bb_size_medium bt_bb_align_inherit\" data-bt-override-class=\"{&quot;bt_bb_align_&quot;:{&quot;current_class&quot;:&quot;bt_bb_align_inherit&quot;,&quot;xl&quot;:&quot;inherit&quot;}}\"><h3 class=\"bt_bb_headline_tag\"><span class=\"bt_bb_headline_content\"><span>Professional Services<\/span><\/span><\/h3><\/header><div class=\"bt_bb_separator bt_bb_top_spacing_extra_small bt_bb_bottom_spacing_small bt_bb_border_style_none\"><\/div><div  class=\"bt_bb_text\" ><p>As in all branches of law, it is necessary to act according to various laws in foreigners and citizenship law. According with this, above laws are taken into account in all legal processes related to foreigners and citizenship. Our Sabur Law Office is an experienced and knowledgeable law firm in this field. In this context, if you want to get professional support in the field of foreigners and citizenship law, you are at the right address. If you want to have detailed information about this subject, you can contact us immediately.<\/p>\n<\/div><div class=\"bt_bb_separator bt_bb_bottom_spacing_normal bt_bb_border_style_none bt_bb_hidden_md bt_bb_hidden_lg\"><\/div><\/div><\/div><\/div><\/div><\/div><\/div><\/div><\/div><\/section><section id=\"bt_bb_section69d7dd83a7b93\"  class=\"bt_bb_section bt_bb_layout_wide bt_bb_vertical_align_top\" ><div class=\"bt_bb_port\"><div class=\"bt_bb_cell\"><div class=\"bt_bb_cell_inner\"><div class=\"bt_bb_row_wrapper\"><div  class=\"bt_bb_row bt_bb_layout_special btOverlapRight\" ><div  class=\"bt_bb_column col-xl-6 bt_bb_align_right bt_bb_padding_normal bt_bb_animation_fade_in animate\"  data-width=\"6\" data-bt-override-class=\"{}\"><div class=\"bt_bb_column_content bt_bb_vertical_align_top bt_bb_color_scheme_ bt_bb_column_background_image\" style=\"background-image:url(&#039;https:\/\/saburhukuk.com.tr\/wp-content\/uploads\/2019\/11\/inner_background_02-1.jpg&#039;);\"><div class=\"bt_bb_column_content_inner\"><div class=\"bt_bb_separator bt_bb_bottom_spacing_130 bt_bb_border_style_none\"><\/div><header class=\"bt_bb_headline bt_bb_color_scheme_6 bt_bb_dash_none bt_bb_size_medium bt_bb_superheadline bt_bb_align_inherit\" data-bt-override-class=\"{&quot;bt_bb_align_&quot;:{&quot;current_class&quot;:&quot;bt_bb_align_inherit&quot;,&quot;xl&quot;:&quot;inherit&quot;}}\"><h3 class=\"bt_bb_headline_tag\"><span class=\"bt_bb_headline_superheadline\">SABUR LAW AND CONSULTANCY<\/span><span class=\"bt_bb_headline_content\"><span><strong>Call us, <\/strong>send an e-mail<strong> or leave a message <\/strong><\/span><\/span><\/h3><\/header><div class=\"bt_bb_separator bt_bb_bottom_spacing_50 bt_bb_border_style_none\"><\/div><div class=\"bt_bb_button bt_bb_color_scheme_6 bt_bb_icon_color_scheme_6 bt_bb_style_outline bt_bb_size_large bt_bb_width_inline bt_bb_shape_square bt_bb_align_inherit btWithIcon\" style=\"; --button-primary-color:#ffffff; --button-secondary-color:#B07C4B;; --button-icon-primary-color:#ffffff; --button-icon-secondary-color:#B07C4B;\" data-bt-override-class=\"{}\"><a href=\"tel:+905522240841\" target=\"_self\" class=\"bt_bb_link\" title=\"+90 552 224 08 41\"><div class=\"bt_bb_icon\"><span  data-ico-icon7stroke=\"&#xe670;\" class=\"bt_bb_icon_holder\"><\/span><\/div><div class=\"bt_bb_link\"><span class=\"bt_bb_button_text\">+90 552 224 08 41<\/span><\/div><\/a><\/div><\/div><\/div><\/div><div  class=\"bt_bb_column col-xl-6 btWithIcon bt_bb_align_left bt_bb_icon_color_scheme_6 bt_bb_padding_normal bt_bb_animation_fade_in animate\" style=\"; --column-icon-primary-color:#ffffff; --column-icon-secondary-color:#B07C4B;\" data-width=\"6\" data-bt-override-class=\"{}\"><div class=\"bt_bb_column_content bt_bb_vertical_align_top bt_bb_color_scheme_\"><div class=\"bt_bb_column_icon\"><span  data-ico-icon7stroke=\"&#xe62c;\" class=\"bt_bb_icon_holder\"><\/span><\/div><div class=\"bt_bb_column_content_inner\"><header class=\"bt_bb_headline bt_bb_color_scheme_14 bt_bb_dash_none bt_bb_size_medium bt_bb_align_inherit\" data-bt-override-class=\"{&quot;bt_bb_align_&quot;:{&quot;current_class&quot;:&quot;bt_bb_align_inherit&quot;,&quot;xl&quot;:&quot;inherit&quot;}}\"><h3 class=\"bt_bb_headline_tag\"><span class=\"bt_bb_headline_content\"><span>Let us call you<\/span><\/span><\/h3><\/header><div class=\"bt_bb_separator bt_bb_bottom_spacing_normal bt_bb_border_style_none\"><\/div><div class=\"bt_bb_contact_form_7\"><div role=\"form\" class=\"wpcf7\" id=\"wpcf7-f2212-o1\" lang=\"en-US\" dir=\"ltr\">\n<div class=\"screen-reader-response\"><p role=\"status\" aria-live=\"polite\" aria-atomic=\"true\"><\/p> <ul><\/ul><\/div>\n<form action=\"\/en\/wp-json\/wp\/v2\/pages\/3887#wpcf7-f2212-o1\" method=\"post\" class=\"wpcf7-form init\" novalidate=\"novalidate\" data-status=\"init\" data-trp-original-action=\"\/en\/wp-json\/wp\/v2\/pages\/3887#wpcf7-f2212-o1\">\n<div style=\"display: none;\">\n<input type=\"hidden\" name=\"_wpcf7\" value=\"2212\" \/>\n<input type=\"hidden\" name=\"_wpcf7_version\" value=\"5.4.2\" \/>\n<input type=\"hidden\" name=\"_wpcf7_locale\" value=\"en_US\" \/>\n<input type=\"hidden\" name=\"_wpcf7_unit_tag\" value=\"wpcf7-f2212-o1\" \/>\n<input type=\"hidden\" name=\"_wpcf7_container_post\" value=\"0\" \/>\n<input type=\"hidden\" name=\"_wpcf7_posted_data_hash\" value=\"\" \/>\n<\/div>\n<div class=\"btForm\">\n<div class=\"btFormRow btFlex\">\n<div class=\"btFormColumn\"><span class=\"wpcf7-form-control-wrap your-name\"><input type=\"text\" name=\"your-name\" value=\"\" size=\"40\" class=\"wpcf7-form-control wpcf7-text wpcf7-validates-as-required\" aria-required=\"true\" aria-invalid=\"false\" placeholder=\"Name*\" \/><\/span><\/div>\n<div class=\"btFormColumn\"><span class=\"wpcf7-form-control-wrap your-email\"><input type=\"email\" name=\"your-email\" value=\"\" size=\"40\" class=\"wpcf7-form-control wpcf7-text wpcf7-email wpcf7-validates-as-required wpcf7-validates-as-email\" aria-required=\"true\" aria-invalid=\"false\" placeholder=\"E-mail*\" \/><\/span><\/div>\n<\/div>\n<div class=\"btFormRow\">\n<div class=\"btFormColumn\"><span class=\"wpcf7-form-control-wrap your-tel\"><input type=\"tel\" name=\"your-tel\" value=\"\" size=\"40\" class=\"wpcf7-form-control wpcf7-text wpcf7-tel wpcf7-validates-as-tel\" aria-invalid=\"false\" placeholder=\"Telephone\" \/><\/span><\/div>\n<\/div>\n<div class=\"btFormRow\">\n<div class=\"btFormColumn\"><span class=\"wpcf7-form-control-wrap your-service\"><select name=\"your-service\" class=\"wpcf7-form-control wpcf7-select wpcf7-validates-as-required\" aria-required=\"true\" aria-invalid=\"false\"><option value=\"\">---<\/option><option value=\"Family Law\">Family Law<\/option><option value=\"Marriage Agreements\">Marriage Agreements<\/option><option value=\"Financial Settlements\">Financial Settlements<\/option><\/select><\/span><\/div>\n<\/div>\n<div class=\"btFormRow\">\n<div class=\"btFormColumn\"><span class=\"wpcf7-form-control-wrap your-message\"><textarea name=\"your-message\" cols=\"40\" rows=\"10\" class=\"wpcf7-form-control wpcf7-textarea wpcf7-validates-as-required\" aria-required=\"true\" aria-invalid=\"false\" placeholder=\"Details*\"><\/textarea><\/span><\/div>\n<\/div>\n<div class=\"btFormButton\"><input type=\"submit\" value=\"SUBMIT\" class=\"wpcf7-form-control wpcf7-submit\" \/><\/div>\n<\/div>\n<div class=\"wpcf7-response-output\" aria-hidden=\"true\"><\/div><input type=\"hidden\" name=\"trp-form-language\" value=\"en\"\/><\/form><\/div><\/div><\/div><\/div><\/div><\/div><\/div><\/div><\/div><\/div><\/section><\/div>","protected":false},"excerpt":{"rendered":"","protected":false},"author":1,"featured_media":0,"parent":2083,"menu_order":0,"comment_status":"closed","ping_status":"closed","template":"","meta":[],"yoast_head":"<!-- This site is optimized with the Yoast SEO Premium plugin v15.9.1 - https:\/\/yoast.com\/wordpress\/plugins\/seo\/ -->\n<title>Yabanc\u0131lar ve Vatanda\u015fl\u0131k Hukuku - Sabur Hukuk<\/title>\n<meta name=\"robots\" content=\"index, follow, max-snippet:-1, max-image-preview:large, max-video-preview:-1\" \/>\n<link rel=\"canonical\" href=\"https:\/\/saburhukuk.com.tr\/en\/hizmetlerimiz\/yabancilar-ve-vatandaslik-hukuku\/\" \/>\n<meta property=\"og:locale\" content=\"en_GB\" \/>\n<meta property=\"og:type\" content=\"article\" \/>\n<meta property=\"og:title\" content=\"Yabanc\u0131lar ve Vatanda\u015fl\u0131k Hukuku - Sabur Hukuk\" \/>\n<meta property=\"og:url\" content=\"https:\/\/saburhukuk.com.tr\/en\/hizmetlerimiz\/yabancilar-ve-vatandaslik-hukuku\/\" \/>\n<meta property=\"og:site_name\" content=\"Sabur Hukuk\" \/>\n<meta property=\"article:publisher\" content=\"https:\/\/www.facebook.com\/saburhukuk\" \/>\n<meta property=\"article:modified_time\" content=\"2021-08-06T11:51:47+00:00\" \/>\n<meta name=\"twitter:card\" content=\"summary_large_image\" \/>\n<meta name=\"twitter:label1\" content=\"Estimated reading time\">\n\t<meta name=\"twitter:data1\" content=\"5 minutes\">\n<script type=\"application\/ld+json\" class=\"yoast-schema-graph\">{\"@context\":\"https:\/\/schema.org\",\"@graph\":[{\"@type\":\"Organization\",\"@id\":\"https:\/\/saburhukuk.com.tr\/#organization\",\"name\":\"Sabur Hukuk ve Dan\\u0131\\u015fmanl\\u0131k\",\"url\":\"https:\/\/saburhukuk.com.tr\/\",\"sameAs\":[\"https:\/\/www.facebook.com\/saburhukuk\",\"https:\/\/www.instagram.com\/saburhukuk\/\",\"https:\/\/www.linkedin.com\/in\/selen-sabur-a1889b213\/\"],\"logo\":{\"@type\":\"ImageObject\",\"@id\":\"https:\/\/saburhukuk.com.tr\/#logo\",\"inLanguage\":\"en-GB\",\"url\":\"https:\/\/saburhukuk.com.tr\/wp-content\/uploads\/2021\/07\/sabur-hukuk-.png\",\"width\":1080,\"height\":330,\"caption\":\"Sabur Hukuk ve Dan\\u0131\\u015fmanl\\u0131k\"},\"image\":{\"@id\":\"https:\/\/saburhukuk.com.tr\/#logo\"}},{\"@type\":\"WebSite\",\"@id\":\"https:\/\/saburhukuk.com.tr\/#website\",\"url\":\"https:\/\/saburhukuk.com.tr\/\",\"name\":\"Sabur Hukuk B\\u00fcrosu - Alanya Avukat\",\"description\":\"Alanya Avukat - Alanya Hukuk B\\u00fcrosu\",\"publisher\":{\"@id\":\"https:\/\/saburhukuk.com.tr\/#organization\"},\"potentialAction\":[{\"@type\":\"SearchAction\",\"target\":\"https:\/\/saburhukuk.com.tr\/?s={search_term_string}\",\"query-input\":\"required name=search_term_string\"}],\"inLanguage\":\"en-GB\"},{\"@type\":\"WebPage\",\"@id\":\"https:\/\/saburhukuk.com.tr\/hizmetlerimiz\/yabancilar-ve-vatandaslik-hukuku\/#webpage\",\"url\":\"https:\/\/saburhukuk.com.tr\/hizmetlerimiz\/yabancilar-ve-vatandaslik-hukuku\/\",\"name\":\"Yabanc\\u0131lar ve Vatanda\\u015fl\\u0131k Hukuku - Sabur Hukuk\",\"isPartOf\":{\"@id\":\"https:\/\/saburhukuk.com.tr\/#website\"},\"datePublished\":\"2021-08-03T21:35:46+00:00\",\"dateModified\":\"2021-08-06T11:51:47+00:00\",\"breadcrumb\":{\"@id\":\"https:\/\/saburhukuk.com.tr\/hizmetlerimiz\/yabancilar-ve-vatandaslik-hukuku\/#breadcrumb\"},\"inLanguage\":\"en-GB\",\"potentialAction\":[{\"@type\":\"ReadAction\",\"target\":[\"https:\/\/saburhukuk.com.tr\/hizmetlerimiz\/yabancilar-ve-vatandaslik-hukuku\/\"]}]},{\"@type\":\"BreadcrumbList\",\"@id\":\"https:\/\/saburhukuk.com.tr\/hizmetlerimiz\/yabancilar-ve-vatandaslik-hukuku\/#breadcrumb\",\"itemListElement\":[{\"@type\":\"ListItem\",\"position\":1,\"item\":{\"@type\":\"WebPage\",\"@id\":\"https:\/\/saburhukuk.com.tr\/hizmetlerimiz\/\",\"url\":\"https:\/\/saburhukuk.com.tr\/hizmetlerimiz\/\",\"name\":\"Hizmetlerimiz\"}},{\"@type\":\"ListItem\",\"position\":2,\"item\":{\"@type\":\"WebPage\",\"@id\":\"https:\/\/saburhukuk.com.tr\/hizmetlerimiz\/yabancilar-ve-vatandaslik-hukuku\/\",\"url\":\"https:\/\/saburhukuk.com.tr\/hizmetlerimiz\/yabancilar-ve-vatandaslik-hukuku\/\",\"name\":\"Yabanc\\u0131lar ve Vatanda\\u015fl\\u0131k Hukuku\"}}]}]}<\/script>\n<!-- \/ Yoast SEO Premium plugin. -->","_links":{"self":[{"href":"https:\/\/saburhukuk.com.tr\/en\/wp-json\/wp\/v2\/pages\/3887"}],"collection":[{"href":"https:\/\/saburhukuk.com.tr\/en\/wp-json\/wp\/v2\/pages"}],"about":[{"href":"https:\/\/saburhukuk.com.tr\/en\/wp-json\/wp\/v2\/types\/page"}],"author":[{"embeddable":true,"href":"https:\/\/saburhukuk.com.tr\/en\/wp-json\/wp\/v2\/users\/1"}],"replies":[{"embeddable":true,"href":"https:\/\/saburhukuk.com.tr\/en\/wp-json\/wp\/v2\/comments?post=3887"}],"version-history":[{"count":0,"href":"https:\/\/saburhukuk.com.tr\/en\/wp-json\/wp\/v2\/pages\/3887\/revisions"}],"up":[{"embeddable":true,"href":"https:\/\/saburhukuk.com.tr\/en\/wp-json\/wp\/v2\/pages\/2083"}],"wp:attachment":[{"href":"https:\/\/saburhukuk.com.tr\/en\/wp-json\/wp\/v2\/media?parent=3887"}],"curies":[{"name":"wp","href":"https:\/\/api.w.org\/{rel}","templated":true}]}}