{"id":3862,"date":"2021-08-04T00:19:12","date_gmt":"2021-08-03T21:19:12","guid":{"rendered":"http:\/\/saburhukuk.com\/?page_id=3862"},"modified":"2021-08-06T15:32:27","modified_gmt":"2021-08-06T12:32:27","slug":"hukuki-danismanlik","status":"publish","type":"page","link":"https:\/\/saburhukuk.com.tr\/en\/hizmetlerimiz\/hukuki-danismanlik\/","title":{"rendered":"Hukuki Dan\u0131\u015fmanl\u0131k"},"content":{"rendered":"<div class=\"bt_bb_wrapper\"><section id=\"bt_bb_section69d7dd7aab97c\"  class=\"bt_bb_section bt_bb_top_spacing_large bt_bb_bottom_spacing_large bt_bb_color_scheme_10 bt_bb_layout_boxed_1200 bt_bb_vertical_align_top\" style=\";background-color:#0f1625;\"><div class=\"bt_bb_port\"><div class=\"bt_bb_cell\"><div class=\"bt_bb_cell_inner\"><div class=\"bt_bb_row_wrapper\"><div  class=\"bt_bb_row\" ><div  class=\"bt_bb_column col-xl-3 bt_bb_align_left bt_bb_padding_normal\"  data-width=\"3\" data-bt-override-class=\"{}\"><div class=\"bt_bb_column_content bt_bb_vertical_align_top bt_bb_color_scheme_\"><div class=\"bt_bb_column_content_inner\"><\/div><\/div><\/div><div  class=\"bt_bb_column col-xl-6 bt_bb_align_center bt_bb_padding_50 bt_bb_animation_fade_in animate\"  data-width=\"6\" data-bt-override-class=\"{}\"><div class=\"bt_bb_column_content bt_bb_vertical_align_middle bt_bb_color_scheme_\"><div class=\"bt_bb_column_content_inner\"><div class=\"bt_bb_separator bt_bb_bottom_spacing_medium bt_bb_border_style_none bt_bb_hidden_xs bt_bb_hidden_ms bt_bb_hidden_sm\"><\/div><header class=\"bt_bb_headline bt_bb_color_scheme_6 bt_bb_dash_none bt_bb_size_extralarge bt_bb_superheadline bt_bb_align_inherit\" data-bt-override-class=\"{&quot;bt_bb_align_&quot;:{&quot;current_class&quot;:&quot;bt_bb_align_inherit&quot;,&quot;xl&quot;:&quot;inherit&quot;}}\"><h2 class=\"bt_bb_headline_tag\"><span class=\"bt_bb_headline_superheadline\">Alanya Lawyers<\/span><span class=\"bt_bb_headline_content\"><span>Alanya Legal Consultancy<\/span><\/span><\/h2><\/header><div class=\"bt_bb_separator bt_bb_bottom_spacing_medium bt_bb_border_style_none bt_bb_hidden_xs bt_bb_hidden_ms bt_bb_hidden_sm\"><\/div><\/div><\/div><\/div><div  class=\"bt_bb_column col-xl-3 bt_bb_align_left bt_bb_padding_normal\"  data-width=\"3\" data-bt-override-class=\"{}\"><div class=\"bt_bb_column_content bt_bb_vertical_align_top bt_bb_color_scheme_\"><div class=\"bt_bb_column_content_inner\"><\/div><\/div><\/div><\/div><\/div><\/div><\/div><\/div><\/section><section id=\"bt_bb_section69d7dd7aabccf\"  class=\"bt_bb_section bt_bb_top_spacing_large bt_bb_bottom_spacing_medium bt_bb_layout_boxed_1200 bt_bb_vertical_align_top bt_bb_negative_margin_large\" ><div class=\"bt_bb_port\"><div class=\"bt_bb_cell\"><div class=\"bt_bb_cell_inner\"><div class=\"bt_bb_row_wrapper\"><div  class=\"bt_bb_row bt_bb_layout_special btOverlapRight\" ><div  class=\"bt_bb_column col-xl-12 bt_bb_align_center bt_bb_icon_color_scheme_6 bt_bb_padding_normal bt_bb_animation_fade_in animate\" style=\"; --column-icon-primary-color:#ffffff; --column-icon-secondary-color:#B07C4B;\" data-width=\"12\" data-bt-override-class=\"{}\"><div class=\"bt_bb_column_content bt_bb_vertical_align_top bt_bb_color_scheme_\"><div class=\"bt_bb_column_content_inner\"><div class=\"bt_bb_separator bt_bb_top_spacing_normal bt_bb_bottom_spacing_normal bt_bb_border_style_none\"><\/div><header class=\"bt_bb_headline bt_bb_color_scheme_14 bt_bb_dash_none bt_bb_size_normal bt_bb_align_inherit\" data-bt-override-class=\"{&quot;bt_bb_align_&quot;:{&quot;current_class&quot;:&quot;bt_bb_align_inherit&quot;,&quot;xl&quot;:&quot;inherit&quot;}}\"><h3 class=\"bt_bb_headline_tag\"><span class=\"bt_bb_headline_content\"><span>Importance of Getting Legal Counsulting<\/span><\/span><\/h3><\/header><div class=\"bt_bb_separator bt_bb_bottom_spacing_normal bt_bb_border_style_none\"><\/div><div  class=\"bt_bb_text\" ><p style=\"text-align: center;\">Our company is a law office that provides legal advice and advocacy services to organizations and individuals in all areas of law. Our law office provides legal advice, especially commercial and labor law, with experienced lawyers registered with the Bar Association. Legal advice, which is our area of expertise and all information is provided in writing or orally at your request.<\/p>\n<p style=\"text-align: center;\">Hukuk alan\u0131nda dan\u0131\u015fmanl\u0131k edecek olan uzman avukatlar\u0131m\u0131z m\u00fcvekkillerine hukuki konularda do\u011fru ad\u0131mlar atmalar\u0131 ve at\u0131lacak ad\u0131mlar\u0131n m\u00fcvekkil i\u00e7in do\u011furaca\u011f\u0131 olumlu veya olumsuz sonu\u00e7lar konusunda bilgi verirler. Bunun yan\u0131nda uzmanlar\u0131m\u0131z\u0131n bir di\u011fer g\u00f6revi de g\u00f6revi bir hukuk dan\u0131\u015fman\u0131 olarak m\u00fcvekkilinin gereksiz davalara girerek zaman kayb\u0131 ve maddi zarara u\u011framas\u0131n\u0131n \u00f6n\u00fcne ge\u00e7mektir. Avukatlar\u0131m\u0131z uzman olduklar\u0131 \u00e7al\u0131\u015fma alanlar\u0131na g\u00f6re dan\u0131\u015fmanl\u0131k vermektedir.<\/p>\n<\/div><div class=\"bt_bb_separator bt_bb_top_spacing_small bt_bb_bottom_spacing_normal bt_bb_border_style_none\"><\/div><div class=\"bt_bb_button bt_bb_color_scheme_3 bt_bb_style_clean bt_bb_size_large bt_bb_width_inline bt_bb_shape_inherit bt_bb_align_inherit\" style=\"; --button-primary-color:#B07C4B; --button-secondary-color:#191919;\" data-bt-override-class=\"{}\"><a href=\"https:\/\/saburhukuk.com.tr\/en\/alanya-avukat-selen-sabur\/iletisim\/\" target=\"_self\" class=\"bt_bb_link\" title=\"Contact\"><span class=\"bt_bb_button_text\">Contact<\/span><\/a><\/div><\/div><\/div><\/div><\/div><\/div><\/div><\/div><\/div><\/section><section id=\"bt_bb_section69d7dd7aacc1e\"  class=\"bt_bb_section bt_bb_bottom_spacing_large bt_bb_layout_boxed_1200 bt_bb_vertical_align_top\" ><div class=\"bt_bb_port\"><div class=\"bt_bb_cell\"><div class=\"bt_bb_cell_inner\"><div class=\"bt_bb_row_wrapper\"><div  class=\"bt_bb_row\" ><div  class=\"bt_bb_column col-xl-6 bt_bb_align_left bt_bb_padding_normal bt_bb_animation_fade_in animate\"  data-width=\"6\" data-bt-override-class=\"{}\"><div class=\"bt_bb_column_content bt_bb_vertical_align_top bt_bb_color_scheme_\"><div class=\"bt_bb_column_content_inner\"><header class=\"bt_bb_headline bt_bb_color_scheme_14 bt_bb_dash_none bt_bb_size_medium bt_bb_align_inherit\" data-bt-override-class=\"{&quot;bt_bb_align_&quot;:{&quot;current_class&quot;:&quot;bt_bb_align_inherit&quot;,&quot;xl&quot;:&quot;inherit&quot;}}\"><h3 class=\"bt_bb_headline_tag\"><span class=\"bt_bb_headline_content\"><span>Legal consultancy service for companies and its scope<\/span><\/span><\/h3><\/header><div class=\"bt_bb_separator bt_bb_bottom_spacing_normal bt_bb_border_style_none\"><\/div><div  class=\"bt_bb_text\" ><p>Processes of complete or partial unbundling of corporate companies must also be carried out in accordance with certain laws and regulations. In addition, you can take advantage of our legal advice in the area of type change and liquidation. We tell you what needs to be done in accordance with current legislation, for example, at the stage of company formation and at the stages of opening branches and setting up a liaison office, and we help you complete these processes without any problems.<\/p>\n<p>You can also contact with Sabur Hukuk ve Dan\u0131\u015fmanl\u0131k in matters that are extremely important for each company, such as general assembly organizations or tax matters. We would like to declare that we also provide services in the field of tax law, contract law or analysis and evaluation of contracts. You can get help from us at all stages of due diligence and preparation of reports, as well as use our services of legal advice. Moreover, it doesn't matter to us what you do in which industry. We provide consulting services for each sector.<\/p>\n<p>In particular, labor disputes are one of the most common legal problems faced by almost every company. We also offer consultancy services with our professional team in the field of legal dispute resolution in accordance with the procedure. You can also use our services in the field of preparation of an employment contract and an employee's personal file, as well as procedures for termination of the contract. Contact us for more details.<\/p>\n<\/div><div class=\"bt_bb_separator bt_bb_bottom_spacing_normal bt_bb_border_style_none bt_bb_hidden_md bt_bb_hidden_lg\"><\/div><\/div><\/div><\/div><div  class=\"bt_bb_column col-xl-6 bt_bb_align_left bt_bb_padding_normal bt_bb_animation_fade_in animate\"  data-width=\"6\" data-bt-override-class=\"{}\"><div class=\"bt_bb_column_content bt_bb_vertical_align_top bt_bb_color_scheme_\"><div class=\"bt_bb_column_content_inner\"><header class=\"bt_bb_headline bt_bb_color_scheme_14 bt_bb_dash_none bt_bb_size_medium bt_bb_align_inherit\" data-bt-override-class=\"{&quot;bt_bb_align_&quot;:{&quot;current_class&quot;:&quot;bt_bb_align_inherit&quot;,&quot;xl&quot;:&quot;inherit&quot;}}\"><h3 class=\"bt_bb_headline_tag\"><span class=\"bt_bb_headline_content\"><span>What is Legal Counsultant?<\/span><\/span><\/h3><\/header><div class=\"bt_bb_separator bt_bb_top_spacing_extra_small bt_bb_bottom_spacing_small bt_bb_border_style_none\"><\/div><div  class=\"bt_bb_text\" ><p class=\"m6mmc-spot\">Industrial property rights such as trademarks, patents, designs, utility models and geographical indications must be registered on behalf of the owners of the marks, which will allow the manufacturer or seller to distinguish themselves from the goods produced and sold in trade area on behalf of the first performers \/ inventors of inventions and innovations, new designs and original works and, therefore, rights that enable these persons to have the right to manufacture and sell a product for specified period of time.<\/p>\n<h5>Patent Rights<\/h5>\n<p>For the solution or development of a technical problem in any field of industry, conditions \"Innovation\", \"Exceeding the prior art\" and \"Industrial applicability\" specified in Decree-Law No. 551 are applied in relation to inventions that are provided to the inventor or the person who discovers it, so called rights. For invention to be protected as a patent, all these 3 criteria must be met.<\/p>\n<p>The most important thing about patents is that when operating various databases and publicly available documents of the patent wants to solve a technical problem, they should examine these databases and check whether there is an invention that solves the technical problem before starting to make an invention. Otherwise, even if he has made a similar invention with his own effort, without searching the database, without knowing it, he will not be able to obtain the right to use this already patented invention and may be subject to a penal sanction if he uses it.<\/p>\n<p>According to Article 73 of Decree Law No. 551, Patent owner benefits from patent rights without making any distinction regarding the place of invention, field of technology and whether products are imported or domestically produced.<\/p>\n<\/div><div class=\"bt_bb_separator bt_bb_bottom_spacing_normal bt_bb_border_style_none bt_bb_hidden_md bt_bb_hidden_lg\"><\/div><\/div><\/div><\/div><\/div><\/div><\/div><\/div><\/div><\/section><section id=\"bt_bb_section69d7dd7aad2d8\"  class=\"bt_bb_section bt_bb_layout_wide bt_bb_vertical_align_top\" ><div class=\"bt_bb_port\"><div class=\"bt_bb_cell\"><div class=\"bt_bb_cell_inner\"><div class=\"bt_bb_row_wrapper\"><div  class=\"bt_bb_row bt_bb_layout_special btOverlapRight\" ><div  class=\"bt_bb_column col-xl-6 bt_bb_align_right bt_bb_padding_normal bt_bb_animation_fade_in animate\"  data-width=\"6\" data-bt-override-class=\"{}\"><div class=\"bt_bb_column_content bt_bb_vertical_align_top bt_bb_color_scheme_ bt_bb_column_background_image\" style=\"background-image:url(&#039;https:\/\/saburhukuk.com.tr\/wp-content\/uploads\/2019\/11\/inner_background_02-1.jpg&#039;);\"><div class=\"bt_bb_column_content_inner\"><div class=\"bt_bb_separator bt_bb_bottom_spacing_130 bt_bb_border_style_none\"><\/div><header class=\"bt_bb_headline bt_bb_color_scheme_6 bt_bb_dash_none bt_bb_size_medium bt_bb_superheadline bt_bb_align_inherit\" data-bt-override-class=\"{&quot;bt_bb_align_&quot;:{&quot;current_class&quot;:&quot;bt_bb_align_inherit&quot;,&quot;xl&quot;:&quot;inherit&quot;}}\"><h3 class=\"bt_bb_headline_tag\"><span class=\"bt_bb_headline_superheadline\">SABUR LAW AND CONSULTANCY<\/span><span class=\"bt_bb_headline_content\"><span><strong>Call us, <\/strong>send an e-mail<strong> or leave a message <\/strong><\/span><\/span><\/h3><\/header><div class=\"bt_bb_separator bt_bb_bottom_spacing_50 bt_bb_border_style_none\"><\/div><div class=\"bt_bb_button bt_bb_color_scheme_6 bt_bb_icon_color_scheme_6 bt_bb_style_outline bt_bb_size_large bt_bb_width_inline bt_bb_shape_square bt_bb_align_inherit btWithIcon\" style=\"; --button-primary-color:#ffffff; --button-secondary-color:#B07C4B;; --button-icon-primary-color:#ffffff; --button-icon-secondary-color:#B07C4B;\" data-bt-override-class=\"{}\"><a href=\"tel:+905522240841\" target=\"_self\" class=\"bt_bb_link\" title=\"+90 552 224 08 41\"><div class=\"bt_bb_icon\"><span  data-ico-icon7stroke=\"&#xe670;\" class=\"bt_bb_icon_holder\"><\/span><\/div><div class=\"bt_bb_link\"><span class=\"bt_bb_button_text\">+90 552 224 08 41<\/span><\/div><\/a><\/div><\/div><\/div><\/div><div  class=\"bt_bb_column col-xl-6 btWithIcon bt_bb_align_left bt_bb_icon_color_scheme_6 bt_bb_padding_normal bt_bb_animation_fade_in animate\" style=\"; --column-icon-primary-color:#ffffff; --column-icon-secondary-color:#B07C4B;\" data-width=\"6\" data-bt-override-class=\"{}\"><div class=\"bt_bb_column_content bt_bb_vertical_align_top bt_bb_color_scheme_\"><div class=\"bt_bb_column_icon\"><span  data-ico-icon7stroke=\"&#xe62c;\" class=\"bt_bb_icon_holder\"><\/span><\/div><div class=\"bt_bb_column_content_inner\"><header class=\"bt_bb_headline bt_bb_color_scheme_14 bt_bb_dash_none bt_bb_size_medium bt_bb_align_inherit\" data-bt-override-class=\"{&quot;bt_bb_align_&quot;:{&quot;current_class&quot;:&quot;bt_bb_align_inherit&quot;,&quot;xl&quot;:&quot;inherit&quot;}}\"><h3 class=\"bt_bb_headline_tag\"><span class=\"bt_bb_headline_content\"><span>Let us call you<\/span><\/span><\/h3><\/header><div class=\"bt_bb_separator bt_bb_bottom_spacing_normal bt_bb_border_style_none\"><\/div><div class=\"bt_bb_contact_form_7\"><div role=\"form\" class=\"wpcf7\" id=\"wpcf7-f2212-o1\" lang=\"en-US\" dir=\"ltr\">\n<div class=\"screen-reader-response\"><p role=\"status\" aria-live=\"polite\" aria-atomic=\"true\"><\/p> <ul><\/ul><\/div>\n<form action=\"\/en\/wp-json\/wp\/v2\/pages\/3862#wpcf7-f2212-o1\" method=\"post\" class=\"wpcf7-form init\" novalidate=\"novalidate\" data-status=\"init\" data-trp-original-action=\"\/en\/wp-json\/wp\/v2\/pages\/3862#wpcf7-f2212-o1\">\n<div style=\"display: none;\">\n<input type=\"hidden\" name=\"_wpcf7\" value=\"2212\" \/>\n<input type=\"hidden\" name=\"_wpcf7_version\" value=\"5.4.2\" \/>\n<input type=\"hidden\" name=\"_wpcf7_locale\" value=\"en_US\" \/>\n<input type=\"hidden\" name=\"_wpcf7_unit_tag\" value=\"wpcf7-f2212-o1\" \/>\n<input type=\"hidden\" name=\"_wpcf7_container_post\" value=\"0\" \/>\n<input type=\"hidden\" name=\"_wpcf7_posted_data_hash\" value=\"\" \/>\n<\/div>\n<div class=\"btForm\">\n<div class=\"btFormRow btFlex\">\n<div class=\"btFormColumn\"><span class=\"wpcf7-form-control-wrap your-name\"><input type=\"text\" name=\"your-name\" value=\"\" size=\"40\" class=\"wpcf7-form-control wpcf7-text wpcf7-validates-as-required\" aria-required=\"true\" aria-invalid=\"false\" placeholder=\"Name*\" \/><\/span><\/div>\n<div class=\"btFormColumn\"><span class=\"wpcf7-form-control-wrap your-email\"><input type=\"email\" name=\"your-email\" value=\"\" size=\"40\" class=\"wpcf7-form-control wpcf7-text wpcf7-email wpcf7-validates-as-required wpcf7-validates-as-email\" aria-required=\"true\" aria-invalid=\"false\" placeholder=\"E-mail*\" \/><\/span><\/div>\n<\/div>\n<div class=\"btFormRow\">\n<div class=\"btFormColumn\"><span class=\"wpcf7-form-control-wrap your-tel\"><input type=\"tel\" name=\"your-tel\" value=\"\" size=\"40\" class=\"wpcf7-form-control wpcf7-text wpcf7-tel wpcf7-validates-as-tel\" aria-invalid=\"false\" placeholder=\"Telephone\" \/><\/span><\/div>\n<\/div>\n<div class=\"btFormRow\">\n<div class=\"btFormColumn\"><span class=\"wpcf7-form-control-wrap your-service\"><select name=\"your-service\" class=\"wpcf7-form-control wpcf7-select wpcf7-validates-as-required\" aria-required=\"true\" aria-invalid=\"false\"><option value=\"\">---<\/option><option value=\"Family Law\">Family Law<\/option><option value=\"Marriage Agreements\">Marriage Agreements<\/option><option value=\"Financial Settlements\">Financial Settlements<\/option><\/select><\/span><\/div>\n<\/div>\n<div class=\"btFormRow\">\n<div class=\"btFormColumn\"><span class=\"wpcf7-form-control-wrap your-message\"><textarea name=\"your-message\" cols=\"40\" rows=\"10\" class=\"wpcf7-form-control wpcf7-textarea wpcf7-validates-as-required\" aria-required=\"true\" aria-invalid=\"false\" placeholder=\"Details*\"><\/textarea><\/span><\/div>\n<\/div>\n<div class=\"btFormButton\"><input type=\"submit\" value=\"SUBMIT\" class=\"wpcf7-form-control wpcf7-submit\" \/><\/div>\n<\/div>\n<div class=\"wpcf7-response-output\" aria-hidden=\"true\"><\/div><input type=\"hidden\" name=\"trp-form-language\" value=\"en\"\/><\/form><\/div><\/div><\/div><\/div><\/div><\/div><\/div><\/div><\/div><\/div><\/section><\/div>","protected":false},"excerpt":{"rendered":"","protected":false},"author":1,"featured_media":0,"parent":2083,"menu_order":0,"comment_status":"closed","ping_status":"closed","template":"","meta":[],"yoast_head":"<!-- This site is optimized with the Yoast SEO Premium plugin v15.9.1 - https:\/\/yoast.com\/wordpress\/plugins\/seo\/ -->\n<title>Hukuki Dan\u0131\u015fmanl\u0131k - Sabur Hukuk<\/title>\n<meta name=\"robots\" content=\"index, follow, max-snippet:-1, max-image-preview:large, max-video-preview:-1\" \/>\n<link rel=\"canonical\" href=\"https:\/\/saburhukuk.com.tr\/en\/hizmetlerimiz\/hukuki-danismanlik\/\" \/>\n<meta property=\"og:locale\" content=\"en_GB\" \/>\n<meta property=\"og:type\" content=\"article\" \/>\n<meta property=\"og:title\" content=\"Hukuki Dan\u0131\u015fmanl\u0131k - Sabur Hukuk\" \/>\n<meta property=\"og:url\" content=\"https:\/\/saburhukuk.com.tr\/en\/hizmetlerimiz\/hukuki-danismanlik\/\" \/>\n<meta property=\"og:site_name\" content=\"Sabur Hukuk\" \/>\n<meta property=\"article:publisher\" content=\"https:\/\/www.facebook.com\/saburhukuk\" \/>\n<meta property=\"article:modified_time\" content=\"2021-08-06T12:32:27+00:00\" \/>\n<meta name=\"twitter:card\" content=\"summary_large_image\" \/>\n<meta name=\"twitter:label1\" content=\"Estimated reading time\">\n\t<meta name=\"twitter:data1\" content=\"5 minutes\">\n<script type=\"application\/ld+json\" class=\"yoast-schema-graph\">{\"@context\":\"https:\/\/schema.org\",\"@graph\":[{\"@type\":\"Organization\",\"@id\":\"https:\/\/saburhukuk.com.tr\/#organization\",\"name\":\"Sabur Hukuk ve Dan\\u0131\\u015fmanl\\u0131k\",\"url\":\"https:\/\/saburhukuk.com.tr\/\",\"sameAs\":[\"https:\/\/www.facebook.com\/saburhukuk\",\"https:\/\/www.instagram.com\/saburhukuk\/\",\"https:\/\/www.linkedin.com\/in\/selen-sabur-a1889b213\/\"],\"logo\":{\"@type\":\"ImageObject\",\"@id\":\"https:\/\/saburhukuk.com.tr\/#logo\",\"inLanguage\":\"en-GB\",\"url\":\"https:\/\/saburhukuk.com.tr\/wp-content\/uploads\/2021\/07\/sabur-hukuk-.png\",\"width\":1080,\"height\":330,\"caption\":\"Sabur Hukuk ve Dan\\u0131\\u015fmanl\\u0131k\"},\"image\":{\"@id\":\"https:\/\/saburhukuk.com.tr\/#logo\"}},{\"@type\":\"WebSite\",\"@id\":\"https:\/\/saburhukuk.com.tr\/#website\",\"url\":\"https:\/\/saburhukuk.com.tr\/\",\"name\":\"Sabur Hukuk B\\u00fcrosu - Alanya Avukat\",\"description\":\"Alanya Avukat - Alanya Hukuk B\\u00fcrosu\",\"publisher\":{\"@id\":\"https:\/\/saburhukuk.com.tr\/#organization\"},\"potentialAction\":[{\"@type\":\"SearchAction\",\"target\":\"https:\/\/saburhukuk.com.tr\/?s={search_term_string}\",\"query-input\":\"required name=search_term_string\"}],\"inLanguage\":\"en-GB\"},{\"@type\":\"WebPage\",\"@id\":\"https:\/\/saburhukuk.com.tr\/hizmetlerimiz\/hukuki-danismanlik\/#webpage\",\"url\":\"https:\/\/saburhukuk.com.tr\/hizmetlerimiz\/hukuki-danismanlik\/\",\"name\":\"Hukuki Dan\\u0131\\u015fmanl\\u0131k - Sabur Hukuk\",\"isPartOf\":{\"@id\":\"https:\/\/saburhukuk.com.tr\/#website\"},\"datePublished\":\"2021-08-03T21:19:12+00:00\",\"dateModified\":\"2021-08-06T12:32:27+00:00\",\"breadcrumb\":{\"@id\":\"https:\/\/saburhukuk.com.tr\/hizmetlerimiz\/hukuki-danismanlik\/#breadcrumb\"},\"inLanguage\":\"en-GB\",\"potentialAction\":[{\"@type\":\"ReadAction\",\"target\":[\"https:\/\/saburhukuk.com.tr\/hizmetlerimiz\/hukuki-danismanlik\/\"]}]},{\"@type\":\"BreadcrumbList\",\"@id\":\"https:\/\/saburhukuk.com.tr\/hizmetlerimiz\/hukuki-danismanlik\/#breadcrumb\",\"itemListElement\":[{\"@type\":\"ListItem\",\"position\":1,\"item\":{\"@type\":\"WebPage\",\"@id\":\"https:\/\/saburhukuk.com.tr\/hizmetlerimiz\/\",\"url\":\"https:\/\/saburhukuk.com.tr\/hizmetlerimiz\/\",\"name\":\"Hizmetlerimiz\"}},{\"@type\":\"ListItem\",\"position\":2,\"item\":{\"@type\":\"WebPage\",\"@id\":\"https:\/\/saburhukuk.com.tr\/hizmetlerimiz\/hukuki-danismanlik\/\",\"url\":\"https:\/\/saburhukuk.com.tr\/hizmetlerimiz\/hukuki-danismanlik\/\",\"name\":\"Hukuki Dan\\u0131\\u015fmanl\\u0131k\"}}]}]}<\/script>\n<!-- \/ Yoast SEO Premium plugin. -->","_links":{"self":[{"href":"https:\/\/saburhukuk.com.tr\/en\/wp-json\/wp\/v2\/pages\/3862"}],"collection":[{"href":"https:\/\/saburhukuk.com.tr\/en\/wp-json\/wp\/v2\/pages"}],"about":[{"href":"https:\/\/saburhukuk.com.tr\/en\/wp-json\/wp\/v2\/types\/page"}],"author":[{"embeddable":true,"href":"https:\/\/saburhukuk.com.tr\/en\/wp-json\/wp\/v2\/users\/1"}],"replies":[{"embeddable":true,"href":"https:\/\/saburhukuk.com.tr\/en\/wp-json\/wp\/v2\/comments?post=3862"}],"version-history":[{"count":0,"href":"https:\/\/saburhukuk.com.tr\/en\/wp-json\/wp\/v2\/pages\/3862\/revisions"}],"up":[{"embeddable":true,"href":"https:\/\/saburhukuk.com.tr\/en\/wp-json\/wp\/v2\/pages\/2083"}],"wp:attachment":[{"href":"https:\/\/saburhukuk.com.tr\/en\/wp-json\/wp\/v2\/media?parent=3862"}],"curies":[{"name":"wp","href":"https:\/\/api.w.org\/{rel}","templated":true}]}}