{"id":11,"date":"2018-09-10T12:47:51","date_gmt":"2018-09-10T09:47:51","guid":{"rendered":"http:\/\/law-firm.bold-themes.com\/master-import\/?page_id=11"},"modified":"2024-09-18T12:36:22","modified_gmt":"2024-09-18T09:36:22","slug":"alanya-avukat-selen-sabur","status":"publish","type":"page","link":"https:\/\/saburhukuk.com.tr\/en\/alanya-avukat-selen-sabur\/","title":{"rendered":"Avukat Selen SABUR AKKOL"},"content":{"rendered":"<div class=\"bt_bb_wrapper\"><section id=\"bt_bb_section69d7dd7045d56\" data-parallax=\"0.7\" data-parallax-offset=\"0\" data-background_image_src=\"'https:\/\/saburhukuk.com.tr\/wp-content\/uploads\/2019\/12\/hero_history-1.jpg'\" class=\"bt_bb_section bt_bb_top_spacing_large bt_bb_bottom_spacing_large bt_bb_layout_wide bt_bb_vertical_align_top btLazyLoadBackground bt_bb_background_image bt_bb_parallax bt_bb_background_overlay_dark_solid\" style=\"background-image:url(&#039;https:\/\/saburhukuk.com.tr\/wp-content\/plugins\/bold-page-builder\/img\/blank.gif&#039;);\"><div class=\"bt_bb_port\"><div class=\"bt_bb_cell\"><div class=\"bt_bb_cell_inner\"><div class=\"bt_bb_row_wrapper\"><div  class=\"bt_bb_row\" ><div  class=\"bt_bb_column col-xl-12 bt_bb_align_center bt_bb_padding_normal bt_bb_animation_fade_in animate\"  data-width=\"12\" data-bt-override-class=\"{}\"><div class=\"bt_bb_column_content bt_bb_vertical_align_top bt_bb_color_scheme_\"><div class=\"bt_bb_column_content_inner\"><div class=\"bt_bb_separator bt_bb_bottom_spacing_large bt_bb_border_style_none\"><\/div><header class=\"bt_bb_headline bt_bb_color_scheme_6 bt_bb_dash_top bt_bb_size_extralarge bt_bb_align_inherit\" data-bt-override-class=\"{&quot;bt_bb_size_&quot;:{&quot;current_class&quot;:&quot;bt_bb_size_extralarge&quot;,&quot;xl&quot;:&quot;extralarge&quot;},&quot;bt_bb_align_&quot;:{&quot;current_class&quot;:&quot;bt_bb_align_inherit&quot;,&quot;xl&quot;:&quot;inherit&quot;}}\"><h3 class=\"bt_bb_headline_tag\"><span class=\"bt_bb_headline_content\"><span>Sabur Hukuk<strong> Selen SABUR AKKOL <\/strong><\/span><\/span><\/h3><\/header><div class=\"bt_bb_separator bt_bb_bottom_spacing_normal bt_bb_border_style_none bt_bb_hidden_xs bt_bb_hidden_ms bt_bb_hidden_sm\"><\/div><div class=\"bt_bb_separator bt_bb_bottom_spacing_large bt_bb_border_style_none\"><\/div><\/div><\/div><\/div><\/div><\/div><\/div><\/div><\/div><\/section><section id=\"bt_bb_section69d7dd70461aa\"  class=\"bt_bb_section bt_bb_layout_wide bt_bb_vertical_align_top bt_bb_negative_margin_large\" ><div class=\"bt_bb_port\"><div class=\"bt_bb_cell\"><div class=\"bt_bb_cell_inner\"><div class=\"bt_bb_row_wrapper\"><div  class=\"bt_bb_row bt_bb_layout_special btOverlapRight\" ><div  class=\"bt_bb_column col-xl-6 bt_bb_align_left bt_bb_padding_normal\"  data-width=\"6\" data-bt-override-class=\"{}\"><div class=\"bt_bb_column_content bt_bb_vertical_align_top bt_bb_color_scheme_ bt_bb_column_background_image\" style=\"background-image:url(&#039;https:\/\/saburhukuk.com.tr\/wp-content\/uploads\/2021\/08\/selen-sabur.jpeg&#039;);\"><div class=\"bt_bb_column_content_inner\"><div class=\"bt_bb_separator bt_bb_bottom_spacing_extra_large bt_bb_border_style_none\"><\/div><\/div><\/div><\/div><div  class=\"bt_bb_column col-xl-6 btWithIcon bt_bb_align_left bt_bb_icon_color_scheme_6 bt_bb_padding_normal bt_bb_animation_fade_in animate\" style=\"; --column-icon-primary-color:#ffffff; --column-icon-secondary-color:#B07C4B;\" data-width=\"6\" data-bt-override-class=\"{}\"><div class=\"bt_bb_column_content bt_bb_vertical_align_top bt_bb_color_scheme_\"><div class=\"bt_bb_column_icon\"><span  data-ico-icon7stroke=\"&#xe68f;\" class=\"bt_bb_icon_holder\"><\/span><\/div><div class=\"bt_bb_column_content_inner\"><header class=\"bt_bb_headline bt_bb_color_scheme_14 bt_bb_dash_none bt_bb_size_normal bt_bb_align_inherit\" data-bt-override-class=\"{&quot;bt_bb_size_&quot;:{&quot;current_class&quot;:&quot;bt_bb_size_normal&quot;,&quot;xl&quot;:&quot;normal&quot;},&quot;bt_bb_align_&quot;:{&quot;current_class&quot;:&quot;bt_bb_align_inherit&quot;,&quot;xl&quot;:&quot;inherit&quot;}}\"><h3 class=\"bt_bb_headline_tag\"><span class=\"bt_bb_headline_content\"><span>Av. Selen SABUR AKKOL<\/span><\/span><\/h3><\/header><div class=\"bt_bb_separator bt_bb_bottom_spacing_small bt_bb_border_style_none\"><\/div><header class=\"bt_bb_headline bt_bb_color_scheme_5 bt_bb_dash_none bt_bb_size_normal bt_bb_superheadline bt_bb_align_inherit btNoHeadline\" data-bt-override-class=\"{&quot;bt_bb_align_&quot;:{&quot;current_class&quot;:&quot;bt_bb_align_inherit&quot;,&quot;xl&quot;:&quot;inherit&quot;}}\"><h4 class=\"bt_bb_headline_tag\"><span class=\"bt_bb_headline_superheadline\">ANTALYA BAR<\/span><\/h4><\/header><div class=\"bt_bb_separator bt_bb_bottom_spacing_medium bt_bb_border_style_none\"><\/div><div  class=\"bt_bb_row_inner\" ><div  class=\"bt_bb_column_inner col-xl-6 bt_bb_align_left bt_bb_vertical_align_top bt_bb_padding_normal\"  data-width=\"6\" data-bt-override-class=\"{}\"><div class=\"bt_bb_column_inner_content\"><div class=\"bt_bb_icon bt_bb_style_outline bt_bb_size_small bt_bb_shape_circle bt_bb_align_inherit\" data-bt-override-class=\"{&quot;bt_bb_size_&quot;:{&quot;current_class&quot;:&quot;bt_bb_size_small&quot;,&quot;xl&quot;:&quot;small&quot;},&quot;bt_bb_align_&quot;:{&quot;current_class&quot;:&quot;bt_bb_align_inherit&quot;,&quot;xl&quot;:&quot;inherit&quot;}}\"><a href=\"mailto:selensabur@hotmail.com\"  target=\"_self\"  title=\"selensabur@hotmail.com\"  data-ico-dripicons=\"&#xe973;\" class=\"bt_bb_icon_holder\"><span>selensabur@hotmail.com<\/span><\/a><\/div><div class=\"bt_bb_separator bt_bb_bottom_spacing_normal bt_bb_border_style_none bt_bb_hidden_md bt_bb_hidden_lg\"><\/div><\/div><\/div><div  class=\"bt_bb_column_inner col-xl-6 bt_bb_align_left bt_bb_vertical_align_top bt_bb_padding_normal\"  data-width=\"6\" data-bt-override-class=\"{}\"><div class=\"bt_bb_column_inner_content\"><div class=\"bt_bb_icon bt_bb_style_outline bt_bb_size_small bt_bb_shape_circle bt_bb_align_inherit\" data-bt-override-class=\"{&quot;bt_bb_size_&quot;:{&quot;current_class&quot;:&quot;bt_bb_size_small&quot;,&quot;xl&quot;:&quot;small&quot;},&quot;bt_bb_align_&quot;:{&quot;current_class&quot;:&quot;bt_bb_align_inherit&quot;,&quot;xl&quot;:&quot;inherit&quot;}}\"><a href=\"tel:+90 552 224 08 41\"  target=\"_self\"  title=\"+90 552 224 08 41\"  data-ico-dripicons=\"&#xe973;\" class=\"bt_bb_icon_holder\"><span>+90 552 224 08 41<\/span><\/a><\/div><\/div><\/div><\/div><div class=\"bt_bb_separator bt_bb_top_spacing_normal bt_bb_bottom_spacing_normal bt_bb_border_style_solid bt_bb_color_dark\"><\/div><div  class=\"bt_bb_text\" ><p>\u201c2015 y\u0131l\u0131nda ba\u015flam\u0131\u015f olan hukuk fak\u00fcltesi e\u011fitimim ,2019 y\u0131l\u0131nda Girne Amerikan \u00dcniversite\u2019sinden mezun olmamla tamamland\u0131.<\/p>\n<p>KKTC\u2019 de bulundu\u011fum 2016-2019 y\u0131llar\u0131 aras\u0131nda SOS Children\u2019s Villages adl\u0131 merkezi Innsbruck, Avusturya\u2019da bulunan ba\u011f\u0131ms\u0131z, h\u00fck\u00fcmet d\u0131\u015f\u0131, kar amac\u0131 g\u00fctmeyen bir uluslararas\u0131 kalk\u0131nma kurulu\u015funun K\u0131br\u0131s aya\u011f\u0131nda , ihtiyac\u0131 olan \u00e7ocuklara insani ve geli\u015fimsel yard\u0131m sa\u011flamak , d\u00fcnyadaki menfaatlerini ve haklar\u0131n\u0131 korumak \u00fczere g\u00f6n\u00fcll\u00fc olarak g\u00f6rev ald\u0131m.<\/p>\n<p>Akabinde 2019-2020 y\u0131llar\u0131 aras\u0131nda \u0130zmir \u015fehrinde staj\u0131m\u0131n bir k\u0131sm\u0131n\u0131 ger\u00e7ekle\u015ftirip, 2020 y\u0131l\u0131n\u0131n kalan k\u0131sm\u0131nda staj e\u011fitimimi Alanya\u2019da tamamlad\u0131m.<\/p>\n<p>Ofisimizde 2021 y\u0131l\u0131ndan bu yana ayn\u0131 adreste ,kesintisiz olarak \u00a0sizlere hizmet vermekteyiz.\u2019\u2019<\/p>\n<\/div><div class=\"bt_bb_separator bt_bb_bottom_spacing_normal bt_bb_border_style_none\"><\/div><div class=\"bt_bb_icon bt_bb_color_scheme_6 bt_bb_style_filled bt_bb_size_small bt_bb_shape_square bt_bb_align_inherit\" data-bt-override-class=\"{&quot;bt_bb_size_&quot;:{&quot;current_class&quot;:&quot;bt_bb_size_small&quot;,&quot;xl&quot;:&quot;small&quot;},&quot;bt_bb_align_&quot;:{&quot;current_class&quot;:&quot;bt_bb_align_inherit&quot;,&quot;xl&quot;:&quot;inherit&quot;}}\"><a href=\"https:\/\/www.facebook.com\/saburhukuk\"  target=\"_blank\"   data-ico-fontawesome=\"&#xf09a;\" class=\"bt_bb_icon_holder\"><\/a><\/div><div class=\"bt_bb_icon bt_bb_color_scheme_6 bt_bb_style_filled bt_bb_size_small bt_bb_shape_square bt_bb_align_inherit\" data-bt-override-class=\"{&quot;bt_bb_size_&quot;:{&quot;current_class&quot;:&quot;bt_bb_size_small&quot;,&quot;xl&quot;:&quot;small&quot;},&quot;bt_bb_align_&quot;:{&quot;current_class&quot;:&quot;bt_bb_align_inherit&quot;,&quot;xl&quot;:&quot;inherit&quot;}}\"><a href=\"https:\/\/www.linkedin.com\/in\/selen-sabur-a1889b213\/\"  target=\"_blank\"   data-ico-fontawesome=\"&#xf0e1;\" class=\"bt_bb_icon_holder\"><\/a><\/div><div class=\"bt_bb_icon bt_bb_color_scheme_6 bt_bb_style_filled bt_bb_size_small bt_bb_shape_square bt_bb_align_inherit\" data-bt-override-class=\"{&quot;bt_bb_size_&quot;:{&quot;current_class&quot;:&quot;bt_bb_size_small&quot;,&quot;xl&quot;:&quot;small&quot;},&quot;bt_bb_align_&quot;:{&quot;current_class&quot;:&quot;bt_bb_align_inherit&quot;,&quot;xl&quot;:&quot;inherit&quot;}}\"><a href=\"https:\/\/www.instagram.com\/saburhukuk\/\"  target=\"_blank\"   data-ico-fontawesome=\"&#xf16d;\" class=\"bt_bb_icon_holder\"><\/a><\/div><div class=\"bt_bb_separator bt_bb_bottom_spacing_small bt_bb_border_style_none\"><\/div><\/div><\/div><\/div><\/div><\/div><\/div><\/div><\/div><\/section><section id=\"bt_bb_section69d7dd70472b2\"  class=\"bt_bb_section bt_bb_top_spacing_large bt_bb_bottom_spacing_large bt_bb_layout_boxed_1200 bt_bb_vertical_align_top\" ><div class=\"bt_bb_port\"><div class=\"bt_bb_cell\"><div class=\"bt_bb_cell_inner\"><div class=\"bt_bb_row_wrapper\"><div  class=\"bt_bb_row\" ><div  class=\"bt_bb_column col-xl-12 bt_bb_align_left bt_bb_padding_normal bt_bb_animation_fade_in animate\"  data-width=\"12\" data-bt-override-class=\"{}\"><div class=\"bt_bb_column_content bt_bb_vertical_align_bottom bt_bb_color_scheme_\"><div class=\"bt_bb_column_content_inner\"><header class=\"bt_bb_headline bt_bb_color_scheme_14 bt_bb_dash_none bt_bb_size_normal bt_bb_align_inherit\" data-bt-override-class=\"{&quot;bt_bb_size_&quot;:{&quot;current_class&quot;:&quot;bt_bb_size_normal&quot;,&quot;xl&quot;:&quot;normal&quot;},&quot;bt_bb_align_&quot;:{&quot;current_class&quot;:&quot;bt_bb_align_inherit&quot;,&quot;xl&quot;:&quot;inherit&quot;}}\"><h3 class=\"bt_bb_headline_tag\"><span class=\"bt_bb_headline_content\"><span>Avukat Selen SABUR AKKOL<\/span><\/span><\/h3><\/header><div class=\"bt_bb_separator bt_bb_bottom_spacing_normal bt_bb_border_style_none\"><\/div><header class=\"bt_bb_headline bt_bb_color_scheme_14 bt_bb_dash_none bt_bb_size_medium bt_bb_superheadline bt_bb_align_inherit btNoHeadline\" data-bt-override-class=\"{&quot;bt_bb_align_&quot;:{&quot;current_class&quot;:&quot;bt_bb_align_inherit&quot;,&quot;xl&quot;:&quot;inherit&quot;}}\"><h4 class=\"bt_bb_headline_tag\"><span class=\"bt_bb_headline_superheadline\">CERTIFICATES<\/span><\/h4><\/header><div class=\"bt_bb_separator bt_bb_bottom_spacing_extra_small bt_bb_border_style_none\"><\/div><div  class=\"bt_bb_text\" ><div class=\"s3\"><span class=\"s2\">\u2022 <\/span>KVKK Uzmanl\u0131\u011f\u0131<\/div>\n<div class=\"s3\"><span class=\"s2\">\u2022 <\/span>Deprivation of support, personal injury, mediation, concordat<\/div>\n<div class=\"s3\"><span class=\"s2\">\u2022 <\/span>Cases of child abuse and punishment by chemical castration<\/div>\n<div class=\"s3\"><span class=\"s2\">\u2022 <\/span>Scope of criminal law<\/div>\n<div class=\"s3\"><span class=\"s2\">\u2022 <\/span>Law in the music world<\/div>\n<div class=\"s3\"><span class=\"s2\">\u2022 <\/span>hukuk kariyerinde p\u00fcf noktalar<\/div>\n<div class=\"s3\"><span class=\"s2\">\u2022 <\/span>avukatl\u0131k mesle\u011finde kariyer planlamas\u0131, ofis i\u015fleyi\u015fi ve ortakl\u0131k<\/div>\n<div class=\"s3\"><span class=\"s2\">\u2022 <\/span>dijital \u00e7a\u011fda zaman y\u00f6netimi<\/div>\n<div class=\"s3\"><span class=\"s2\">\u2022 <\/span>avukatl\u0131k duru\u015fma teknikleri<\/div>\n<p>Sabur Hukuk B\u00fcrosu olarak a\u015fa\u011f\u0131daki hukuk alanlar\u0131nda hizmet vermekteyiz;<\/p>\n<p><a href=\"http:\/\/saburhukuk.com\/hizmetlerimiz\/sozlesmeler-hukuku\/\">Contracts Law,<\/a><\/p>\n<p><a href=\"https:\/\/saburhukuk.com.tr\/en\/hizmetlerimiz\/hukuki-danismanlik-2\/\">Competition Law,<\/a><\/p>\n<p><a href=\"https:\/\/saburhukuk.com.tr\/en\/hizmetlerimiz\/ozellestirme-hukuku\/\">Privatization Law,<\/a><\/p>\n<p><a href=\"https:\/\/saburhukuk.com.tr\/en\/hizmetlerimiz\/yabancilar-ve-vatandaslik-hukuku\/\">Foreigners and Citizenship Law<strong>\u00a0<\/strong> ,<\/a><\/p>\n<p><a href=\"https:\/\/saburhukuk.com.tr\/en\/hizmetlerimiz\/uluslararasi-hukuk\/\">International Law ,<\/a><\/p>\n<p><a href=\"https:\/\/saburhukuk.com.tr\/en\/hizmetlerimiz\/fikri-ve-sinai-mulkiyet\/\">Intellectual and Industrial Property Law,<\/a><\/p>\n<p><a href=\"https:\/\/saburhukuk.com.tr\/en\/hizmetlerimiz\/saglik-hukuku\/\">Health Law<\/a><\/p>\n<p><a href=\"https:\/\/saburhukuk.com.tr\/en\/hizmetlerimiz\/vergi-hukuku\/\">Tax Law<strong>\u00a0<\/strong> ,<\/a><\/p>\n<p><a href=\"https:\/\/saburhukuk.com.tr\/en\/hizmetlerimiz\/idare-hukuku\/\">Administrative law<\/a><\/p>\n<p><a href=\"https:\/\/saburhukuk.com.tr\/en\/hizmetlerimiz\/hukuki-danismanlik\/\">Legal Consultancy,<\/a><\/p>\n<p><a href=\"http:\/\/saburhukuk.com.tr\/en\/hizmetlerimiz\/aile-hukuku\/\">Family Law,<\/a><\/p>\n<p><a href=\"https:\/\/saburhukuk.com.tr\/en\/hizmetlerimiz\/tuketici-hukuku\/\">Consumer Law<\/a><\/p>\n<p><a href=\"https:\/\/saburhukuk.com.tr\/en\/hizmetlerimiz\/icra-ve-iflas-hukuku\/\">Enforcement and Bankruptcy Law<\/a><\/p>\n<p><a href=\"https:\/\/saburhukuk.com.tr\/en\/hizmetlerimiz\/\"><strong>ve di\u011fer hizmetlerimiz i\u00e7in buraya t\u0131klay\u0131n.<\/strong><\/a><!--more--><\/p>\n<\/div><div class=\"bt_bb_separator bt_bb_bottom_spacing_normal bt_bb_border_style_none bt_bb_hidden_md bt_bb_hidden_lg\"><\/div><\/div><\/div><\/div><\/div><\/div><\/div><\/div><\/div><\/section><\/div>","protected":false},"excerpt":{"rendered":"<p>\u2022 KVKK Uzmanl\u0131\u011f\u0131 \u2022 Destekten yoksun kalma, cismani zarar, arabuluculuk, konkordato \u2022 \u00e7ocuk istismar\u0131 davalar\u0131 ve kimyasal had\u0131m cezas\u0131 uygulamas\u0131 \u2022 ceza hukukunun kapsam\u0131 \u2022 m\u00fczik d\u00fcnyas\u0131nda hukuk \u2022 hukuk kariyerinde p\u00fcf noktalar \u2022 avukatl\u0131k mesle\u011finde kariyer planlamas\u0131, ofis i\u015fleyi\u015fi ve ortakl\u0131k \u2022 dijital \u00e7a\u011fda zaman y\u00f6netimi \u2022 avukatl\u0131k duru\u015fma teknikleri Sabur Hukuk B\u00fcrosu olarak&#8230;<\/p>","protected":false},"author":2,"featured_media":0,"parent":0,"menu_order":0,"comment_status":"closed","ping_status":"closed","template":"","meta":[],"yoast_head":"<!-- This site is optimized with the Yoast SEO Premium plugin v15.9.1 - https:\/\/yoast.com\/wordpress\/plugins\/seo\/ -->\n<title>Alanya Avukat Selen SABUR AKKOL - Sabur Hukuk Alanya Avukat<\/title>\n<meta name=\"description\" content=\"Alanya ceza avukat\u0131, Alanya bo\u015fanma avukat\u0131, Alanya avukat\u0131, Alanya i\u015f davas\u0131 avukat\u0131, Alanya avukat\u0131, Alanya Avukat Selen Sabur\" \/>\n<meta name=\"robots\" content=\"index, follow, max-snippet:-1, max-image-preview:large, max-video-preview:-1\" \/>\n<link rel=\"canonical\" href=\"https:\/\/saburhukuk.com.tr\/en\/alanya-avukat-selen-sabur\/\" \/>\n<meta property=\"og:locale\" content=\"en_GB\" \/>\n<meta property=\"og:type\" content=\"article\" \/>\n<meta property=\"og:title\" content=\"Alanya Avukat Selen SABUR AKKOL - Sabur Hukuk Alanya Avukat\" \/>\n<meta property=\"og:description\" content=\"Alanya ceza avukat\u0131, Alanya bo\u015fanma avukat\u0131, Alanya avukat\u0131, Alanya i\u015f davas\u0131 avukat\u0131, Alanya avukat\u0131, Alanya Avukat Selen Sabur\" \/>\n<meta property=\"og:url\" content=\"https:\/\/saburhukuk.com.tr\/en\/alanya-avukat-selen-sabur\/\" \/>\n<meta property=\"og:site_name\" content=\"Sabur Hukuk\" \/>\n<meta property=\"article:publisher\" content=\"https:\/\/www.facebook.com\/saburhukuk\" \/>\n<meta property=\"article:modified_time\" content=\"2024-09-18T09:36:22+00:00\" \/>\n<meta name=\"twitter:card\" content=\"summary_large_image\" \/>\n<meta name=\"twitter:label1\" content=\"Estimated reading time\">\n\t<meta name=\"twitter:data1\" content=\"8 minutes\">\n<script type=\"application\/ld+json\" class=\"yoast-schema-graph\">{\"@context\":\"https:\/\/schema.org\",\"@graph\":[{\"@type\":\"Organization\",\"@id\":\"https:\/\/saburhukuk.com.tr\/#organization\",\"name\":\"Sabur Hukuk ve Dan\\u0131\\u015fmanl\\u0131k\",\"url\":\"https:\/\/saburhukuk.com.tr\/\",\"sameAs\":[\"https:\/\/www.facebook.com\/saburhukuk\",\"https:\/\/www.instagram.com\/saburhukuk\/\",\"https:\/\/www.linkedin.com\/in\/selen-sabur-a1889b213\/\"],\"logo\":{\"@type\":\"ImageObject\",\"@id\":\"https:\/\/saburhukuk.com.tr\/#logo\",\"inLanguage\":\"en-GB\",\"url\":\"https:\/\/saburhukuk.com.tr\/wp-content\/uploads\/2021\/07\/sabur-hukuk-.png\",\"width\":1080,\"height\":330,\"caption\":\"Sabur Hukuk ve Dan\\u0131\\u015fmanl\\u0131k\"},\"image\":{\"@id\":\"https:\/\/saburhukuk.com.tr\/#logo\"}},{\"@type\":\"WebSite\",\"@id\":\"https:\/\/saburhukuk.com.tr\/#website\",\"url\":\"https:\/\/saburhukuk.com.tr\/\",\"name\":\"Sabur Hukuk B\\u00fcrosu - Alanya Avukat\",\"description\":\"Alanya Avukat - Alanya Hukuk B\\u00fcrosu\",\"publisher\":{\"@id\":\"https:\/\/saburhukuk.com.tr\/#organization\"},\"potentialAction\":[{\"@type\":\"SearchAction\",\"target\":\"https:\/\/saburhukuk.com.tr\/?s={search_term_string}\",\"query-input\":\"required name=search_term_string\"}],\"inLanguage\":\"en-GB\"},{\"@type\":\"WebPage\",\"@id\":\"https:\/\/saburhukuk.com.tr\/alanya-avukat-selen-sabur\/#webpage\",\"url\":\"https:\/\/saburhukuk.com.tr\/alanya-avukat-selen-sabur\/\",\"name\":\"Alanya Avukat Selen SABUR AKKOL - Sabur Hukuk Alanya Avukat\",\"isPartOf\":{\"@id\":\"https:\/\/saburhukuk.com.tr\/#website\"},\"datePublished\":\"2018-09-10T09:47:51+00:00\",\"dateModified\":\"2024-09-18T09:36:22+00:00\",\"description\":\"Alanya ceza avukat\\u0131, Alanya bo\\u015fanma avukat\\u0131, Alanya avukat\\u0131, Alanya i\\u015f davas\\u0131 avukat\\u0131, Alanya avukat\\u0131, Alanya Avukat Selen Sabur\",\"breadcrumb\":{\"@id\":\"https:\/\/saburhukuk.com.tr\/alanya-avukat-selen-sabur\/#breadcrumb\"},\"inLanguage\":\"en-GB\",\"potentialAction\":[{\"@type\":\"ReadAction\",\"target\":[\"https:\/\/saburhukuk.com.tr\/alanya-avukat-selen-sabur\/\"]}]},{\"@type\":\"BreadcrumbList\",\"@id\":\"https:\/\/saburhukuk.com.tr\/alanya-avukat-selen-sabur\/#breadcrumb\",\"itemListElement\":[{\"@type\":\"ListItem\",\"position\":1,\"item\":{\"@type\":\"WebPage\",\"@id\":\"https:\/\/saburhukuk.com.tr\/alanya-avukat-selen-sabur\/\",\"url\":\"https:\/\/saburhukuk.com.tr\/alanya-avukat-selen-sabur\/\",\"name\":\"Avukat Selen SABUR AKKOL\"}}]}]}<\/script>\n<!-- \/ Yoast SEO Premium plugin. -->","_links":{"self":[{"href":"https:\/\/saburhukuk.com.tr\/en\/wp-json\/wp\/v2\/pages\/11"}],"collection":[{"href":"https:\/\/saburhukuk.com.tr\/en\/wp-json\/wp\/v2\/pages"}],"about":[{"href":"https:\/\/saburhukuk.com.tr\/en\/wp-json\/wp\/v2\/types\/page"}],"author":[{"embeddable":true,"href":"https:\/\/saburhukuk.com.tr\/en\/wp-json\/wp\/v2\/users\/2"}],"replies":[{"embeddable":true,"href":"https:\/\/saburhukuk.com.tr\/en\/wp-json\/wp\/v2\/comments?post=11"}],"version-history":[{"count":8,"href":"https:\/\/saburhukuk.com.tr\/en\/wp-json\/wp\/v2\/pages\/11\/revisions"}],"predecessor-version":[{"id":4461,"href":"https:\/\/saburhukuk.com.tr\/en\/wp-json\/wp\/v2\/pages\/11\/revisions\/4461"}],"wp:attachment":[{"href":"https:\/\/saburhukuk.com.tr\/en\/wp-json\/wp\/v2\/media?parent=11"}],"curies":[{"name":"wp","href":"https:\/\/api.w.org\/{rel}","templated":true}]}}